{"id":4230,"date":"2024-06-05T17:01:46","date_gmt":"2024-06-05T17:01:46","guid":{"rendered":"https:\/\/doitall.com.mx\/?post_type=product&#038;p=4230"},"modified":"2024-06-05T17:02:03","modified_gmt":"2024-06-05T17:02:03","slug":"xenotes","status":"publish","type":"product","link":"https:\/\/doitall.com.mx\/index.php\/product\/xenotes\/","title":{"rendered":"XENOTES"},"content":{"rendered":"<p><strong>XENOTES<\/strong><br \/>\nXenotes es el \u00fanico tour en Canc\u00fan y la Riviera Maya, que te lleva a conocer los cuatro tipos de cenotes que existen en el mundo. Estos se encuentran ubicados en la Ruta de los Cenotes y solo se puede acceder a ellos con este tour. \u00a1Realiza en cada uno distintas actividades de aventura, que se adaptar\u00e1n a tu personalidad!<\/p>\n<p>Vence lo cotidiano<br \/>\nDesciende a las profundidades de un cenote de caverna por medio de rappel asistido. Adem\u00e1s, desl\u00edzate en una tirolesa y l\u00e1nzate desde 7 m de altura a un cenote antiguo.<\/p>\n<p>Inspira a tu ser entre la naturaleza<br \/>\nLl\u00e9nate de la inspiraci\u00f3n que nace al sumergirte en las aguas refrescantes de un cenote semiabierto, y al observar sus jardines subacu\u00e1ticos. Envu\u00e9lvete con nuevos paisajes, mientras remas en kayak, entre paredes tapizadas de jardines colgantes.<\/p>\n<p>Valora un entorno milenario<br \/>\nLl\u00e9nate de energ\u00eda renovadora y encuentra la armon\u00eda en Xenotes, al nadar en un cenote abierto.<\/p>\n<p>Esc\u00e1pate a una experiencia exclusiva<br \/>\nEn el tour Xenotes los grupos son reducidos, con atenci\u00f3n personalizada de un guardavidas, m\u00e9dico, fot\u00f3grafo y un gu\u00eda certificado que te acompa\u00f1ar\u00e1 desde que abordas la transportaci\u00f3n. Adem\u00e1s de orientarte en cada actividad, te contar\u00e1 todo acerca de las leyendas y caracter\u00edsticas de los cenotes, as\u00ed como la importancia de su preservaci\u00f3n.<\/p>\n<p>\u00a1Recon\u00e9ctate con tu naturaleza con el Tour Xenotes! Una de las actividades en la Riviera Maya que no te puedes perder durante tus vacaciones en Canc\u00fan y la Riviera Maya.<br \/>\nhttps:\/\/www.instagram.com\/doitall.tours.travel<\/p>\n","protected":false},"excerpt":{"rendered":"<p><strong>XENOTES<\/strong><br \/>\nXenotes es el \u00fanico tour en Canc\u00fan y la Riviera Maya, que te lleva a conocer los cuatro tipos de cenotes que existen en el mundo. Estos se encuentran ubicados en la Ruta de los Cenotes y solo se puede acceder a ellos con este tour. \u00a1Realiza en cada uno distintas actividades de aventura, que se adaptar\u00e1n a tu personalidad!<\/p>\n<p>Vence lo cotidiano<br \/>\nDesciende a las profundidades de un cenote de caverna por medio de rappel asistido. Adem\u00e1s, desl\u00edzate en una tirolesa y l\u00e1nzate desde 7 m de altura a un cenote antiguo.<\/p>\n<p>Inspira a tu ser entre la naturaleza<br \/>\nLl\u00e9nate de la inspiraci\u00f3n que nace al sumergirte en las aguas refrescantes de un cenote semiabierto, y al observar sus jardines subacu\u00e1ticos. Envu\u00e9lvete con nuevos paisajes, mientras remas en kayak, entre paredes tapizadas de jardines colgantes.<\/p>\n","protected":false},"featured_media":4231,"comment_status":"open","ping_status":"closed","template":"","meta":{"_eb_attr":"","site-sidebar-layout":"default","site-content-layout":"","ast-site-content-layout":"default","site-content-style":"default","site-sidebar-style":"default","ast-global-header-display":"","ast-banner-title-visibility":"","ast-main-header-display":"","ast-hfb-above-header-display":"","ast-hfb-below-header-display":"","ast-hfb-mobile-header-display":"","site-post-title":"","ast-breadcrumbs-content":"","ast-featured-img":"","footer-sml-layout":"","ast-disable-related-posts":"","theme-transparent-header-meta":"default","adv-header-id-meta":"","stick-header-meta":"","header-above-stick-meta":"","header-main-stick-meta":"","header-below-stick-meta":"","astra-migrate-meta-layouts":"set","ast-page-background-enabled":"default","ast-page-background-meta":{"desktop":{"background-color":"var(--ast-global-color-4)","background-image":"","background-repeat":"repeat","background-position":"center center","background-size":"auto","background-attachment":"scroll","background-type":"","background-media":"","overlay-type":"","overlay-color":"","overlay-opacity":"","overlay-gradient":""},"tablet":{"background-color":"","background-image":"","background-repeat":"repeat","background-position":"center center","background-size":"auto","background-attachment":"scroll","background-type":"","background-media":"","overlay-type":"","overlay-color":"","overlay-opacity":"","overlay-gradient":""},"mobile":{"background-color":"","background-image":"","background-repeat":"repeat","background-position":"center center","background-size":"auto","background-attachment":"scroll","background-type":"","background-media":"","overlay-type":"","overlay-color":"","overlay-opacity":"","overlay-gradient":""}},"ast-content-background-meta":{"desktop":{"background-color":"var(--ast-global-color-5)","background-image":"","background-repeat":"repeat","background-position":"center center","background-size":"auto","background-attachment":"scroll","background-type":"","background-media":"","overlay-type":"","overlay-color":"","overlay-opacity":"","overlay-gradient":""},"tablet":{"background-color":"var(--ast-global-color-5)","background-image":"","background-repeat":"repeat","background-position":"center center","background-size":"auto","background-attachment":"scroll","background-type":"","background-media":"","overlay-type":"","overlay-color":"","overlay-opacity":"","overlay-gradient":""},"mobile":{"background-color":"var(--ast-global-color-5)","background-image":"","background-repeat":"repeat","background-position":"center center","background-size":"auto","background-attachment":"scroll","background-type":"","background-media":"","overlay-type":"","overlay-color":"","overlay-opacity":"","overlay-gradient":""}}},"product_brand":[],"product_cat":[31],"product_tag":[],"class_list":{"0":"post-4230","1":"product","2":"type-product","3":"status-publish","4":"has-post-thumbnail","6":"product_cat-acuatic-parks","7":"desktop-align-left","8":"tablet-align-left","9":"mobile-align-left","11":"first","12":"instock","13":"shipping-taxable","14":"product-type-simple"},"_links":{"self":[{"href":"https:\/\/doitall.com.mx\/index.php\/wp-json\/wp\/v2\/product\/4230","targetHints":{"allow":["GET"]}}],"collection":[{"href":"https:\/\/doitall.com.mx\/index.php\/wp-json\/wp\/v2\/product"}],"about":[{"href":"https:\/\/doitall.com.mx\/index.php\/wp-json\/wp\/v2\/types\/product"}],"replies":[{"embeddable":true,"href":"https:\/\/doitall.com.mx\/index.php\/wp-json\/wp\/v2\/comments?post=4230"}],"wp:featuredmedia":[{"embeddable":true,"href":"https:\/\/doitall.com.mx\/index.php\/wp-json\/wp\/v2\/media\/4231"}],"wp:attachment":[{"href":"https:\/\/doitall.com.mx\/index.php\/wp-json\/wp\/v2\/media?parent=4230"}],"wp:term":[{"taxonomy":"product_brand","embeddable":true,"href":"https:\/\/doitall.com.mx\/index.php\/wp-json\/wp\/v2\/product_brand?post=4230"},{"taxonomy":"product_cat","embeddable":true,"href":"https:\/\/doitall.com.mx\/index.php\/wp-json\/wp\/v2\/product_cat?post=4230"},{"taxonomy":"product_tag","embeddable":true,"href":"https:\/\/doitall.com.mx\/index.php\/wp-json\/wp\/v2\/product_tag?post=4230"}],"curies":[{"name":"wp","href":"https:\/\/api.w.org\/{rel}","templated":true}]}}