{"id":4216,"date":"2024-06-05T16:51:45","date_gmt":"2024-06-05T16:51:45","guid":{"rendered":"https:\/\/doitall.com.mx\/?post_type=product&#038;p=4216"},"modified":"2024-06-05T16:52:27","modified_gmt":"2024-06-05T16:52:27","slug":"xplor-diviertete-en-xplor-un-parque-en-el-corazon-de-la-selva-en-donde-podras-realizar-actividades-de-aventura-con-el-equipo-mas-moderno-y-seguro-deslizate-por-increibles-tirolesas-recorre-la-selv","status":"publish","type":"product","link":"https:\/\/doitall.com.mx\/index.php\/product\/xplor-diviertete-en-xplor-un-parque-en-el-corazon-de-la-selva-en-donde-podras-realizar-actividades-de-aventura-con-el-equipo-mas-moderno-y-seguro-deslizate-por-increibles-tirolesas-recorre-la-selv\/","title":{"rendered":"XPLOR Divi\u00e9rtete en Xplor, un parque en el coraz\u00f3n de la selva en donde podr\u00e1s realizar actividades de aventura, con el equipo m\u00e1s moderno y seguro. Desl\u00edzate por incre\u00edbles tirolesas, recorre la selva en veh\u00edculos anfibios, pasea por cavernas y as\u00f3mbrate con las antiguas formaciones de estalactitas y estalagmitas en los r\u00edos subterr\u00e1neos.  Adem\u00e1s Xplor te ofrece un exquisito buffet con opciones para todos, desde ensaladas hasta pizza para quienes requieren de m\u00e1s energ\u00eda.  \u00a1Descubre la nueva actividad de Xplor! En Expedici\u00f3n Subterr\u00e1nea podr\u00e1s recorrer por 740 metros de cavernas, resbaladillas acu\u00e1ticas y caminos de la selva a trav\u00e9s de incre\u00edbles vistas. Adem\u00e1s, podr\u00e1s elegir tu ruta a trav\u00e9s de esta aventura, ya sea un camino contemplativo o uno lleno de divertidos obst\u00e1culos.  \u00a1Tour Xplor es la aventura que estabas buscando! https:\/\/www.instagram.com\/doitall.tours.travel"},"content":{"rendered":"<p>XPLOR<br \/>\nDivi\u00e9rtete en Xplor, un parque en el coraz\u00f3n de la selva en donde podr\u00e1s realizar actividades de aventura, con el equipo m\u00e1s moderno y seguro. Desl\u00edzate por incre\u00edbles tirolesas, recorre la selva en veh\u00edculos anfibios, pasea por cavernas y as\u00f3mbrate con las antiguas formaciones de estalactitas y estalagmitas en los r\u00edos subterr\u00e1neos.<\/p>\n<p>Adem\u00e1s Xplor te ofrece un exquisito buffet con opciones para todos, desde ensaladas hasta pizza para quienes requieren de m\u00e1s energ\u00eda.<\/p>\n<p>\u00a1Descubre la nueva actividad de Xplor! En Expedici\u00f3n Subterr\u00e1nea podr\u00e1s recorrer por 740 metros de cavernas, resbaladillas acu\u00e1ticas y caminos de la selva a trav\u00e9s de incre\u00edbles vistas. Adem\u00e1s, podr\u00e1s elegir tu ruta a trav\u00e9s de esta aventura, ya sea un camino contemplativo o uno lleno de divertidos obst\u00e1culos.<\/p>\n<p>\u00a1Tour Xplor es la aventura que estabas buscando!<br \/>\nhttps:\/\/www.instagram.com\/doitall.tours.travel<\/p>\n<p>Divi\u00e9rtete en Xplor, un parque en el coraz\u00f3n de la selva en donde podr\u00e1s realizar actividades de aventura, con el equipo m\u00e1s moderno y seguro. Desl\u00edzate por incre\u00edbles tirolesas, recorre la selva en veh\u00edculos anfibios, pasea por cavernas y as\u00f3mbrate con las antiguas formaciones de estalactitas y estalagmitas en los r\u00edos subterr\u00e1neos.<\/p>\n<p>Adem\u00e1s Xplor te ofrece un exquisito buffet con opciones para todos, desde ensaladas hasta pizza para quienes requieren de m\u00e1s energ\u00eda.<\/p>\n<p>\u00a1Descubre la nueva actividad de Xplor! En Expedici\u00f3n Subterr\u00e1nea podr\u00e1s recorrer por 740 metros de cavernas, resbaladillas acu\u00e1ticas y caminos de la selva a trav\u00e9s de incre\u00edbles vistas. Adem\u00e1s, podr\u00e1s elegir tu ruta a trav\u00e9s de esta aventura, ya sea un camino contemplativo o uno lleno de divertidos obst\u00e1culos.<\/p>\n<p>\u00a1Tour Xplor es la aventura que estabas buscando!<br \/>\nhttps:\/\/www.instagram.com\/doitall.tours.travel<\/p>\n","protected":false},"excerpt":{"rendered":"<p>XPLOR<br \/>\nDivi\u00e9rtete en Xplor, un parque en el coraz\u00f3n de la selva en donde podr\u00e1s realizar actividades de aventura, con el equipo m\u00e1s moderno y seguro. Desl\u00edzate por incre\u00edbles tirolesas, recorre la selva en veh\u00edculos anfibios, pasea por cavernas y as\u00f3mbrate con las antiguas formaciones de estalactitas y estalagmitas en los r\u00edos subterr\u00e1neos.<\/p>\n<p>Adem\u00e1s Xplor te ofrece un exquisito buffet con opciones para todos, desde ensaladas hasta pizza para quienes requieren de m\u00e1s energ\u00eda.<\/p>\n<p>\u00a1Descubre la nueva actividad de Xplor! En Expedici\u00f3n Subterr\u00e1nea podr\u00e1s recorrer por 740 metros de cavernas, resbaladillas acu\u00e1ticas y caminos de la selva a trav\u00e9s de incre\u00edbles vistas. Adem\u00e1s, podr\u00e1s elegir tu ruta a trav\u00e9s de esta aventura, ya sea un camino contemplativo o uno lleno de divertidos obst\u00e1culos.<\/p>\n<p>\u00a1Tour Xplor es la aventura que estabas buscando!<br \/>\nhttps:\/\/www.instagram.com\/doitall.tours.travel<\/p>\n<p>&nbsp;<\/p>\n","protected":false},"featured_media":4217,"comment_status":"open","ping_status":"closed","template":"","meta":{"_eb_attr":"","site-sidebar-layout":"default","site-content-layout":"","ast-site-content-layout":"default","site-content-style":"default","site-sidebar-style":"default","ast-global-header-display":"","ast-banner-title-visibility":"","ast-main-header-display":"","ast-hfb-above-header-display":"","ast-hfb-below-header-display":"","ast-hfb-mobile-header-display":"","site-post-title":"","ast-breadcrumbs-content":"","ast-featured-img":"","footer-sml-layout":"","ast-disable-related-posts":"","theme-transparent-header-meta":"default","adv-header-id-meta":"","stick-header-meta":"","header-above-stick-meta":"","header-main-stick-meta":"","header-below-stick-meta":"","astra-migrate-meta-layouts":"set","ast-page-background-enabled":"default","ast-page-background-meta":{"desktop":{"background-color":"var(--ast-global-color-4)","background-image":"","background-repeat":"repeat","background-position":"center center","background-size":"auto","background-attachment":"scroll","background-type":"","background-media":"","overlay-type":"","overlay-color":"","overlay-opacity":"","overlay-gradient":""},"tablet":{"background-color":"","background-image":"","background-repeat":"repeat","background-position":"center center","background-size":"auto","background-attachment":"scroll","background-type":"","background-media":"","overlay-type":"","overlay-color":"","overlay-opacity":"","overlay-gradient":""},"mobile":{"background-color":"","background-image":"","background-repeat":"repeat","background-position":"center center","background-size":"auto","background-attachment":"scroll","background-type":"","background-media":"","overlay-type":"","overlay-color":"","overlay-opacity":"","overlay-gradient":""}},"ast-content-background-meta":{"desktop":{"background-color":"var(--ast-global-color-5)","background-image":"","background-repeat":"repeat","background-position":"center center","background-size":"auto","background-attachment":"scroll","background-type":"","background-media":"","overlay-type":"","overlay-color":"","overlay-opacity":"","overlay-gradient":""},"tablet":{"background-color":"var(--ast-global-color-5)","background-image":"","background-repeat":"repeat","background-position":"center center","background-size":"auto","background-attachment":"scroll","background-type":"","background-media":"","overlay-type":"","overlay-color":"","overlay-opacity":"","overlay-gradient":""},"mobile":{"background-color":"var(--ast-global-color-5)","background-image":"","background-repeat":"repeat","background-position":"center center","background-size":"auto","background-attachment":"scroll","background-type":"","background-media":"","overlay-type":"","overlay-color":"","overlay-opacity":"","overlay-gradient":""}}},"product_brand":[],"product_cat":[31],"product_tag":[],"class_list":{"0":"post-4216","1":"product","2":"type-product","3":"status-publish","4":"has-post-thumbnail","6":"product_cat-acuatic-parks","7":"desktop-align-left","8":"tablet-align-left","9":"mobile-align-left","11":"first","12":"instock","13":"shipping-taxable","14":"product-type-simple"},"_links":{"self":[{"href":"https:\/\/doitall.com.mx\/index.php\/wp-json\/wp\/v2\/product\/4216","targetHints":{"allow":["GET"]}}],"collection":[{"href":"https:\/\/doitall.com.mx\/index.php\/wp-json\/wp\/v2\/product"}],"about":[{"href":"https:\/\/doitall.com.mx\/index.php\/wp-json\/wp\/v2\/types\/product"}],"replies":[{"embeddable":true,"href":"https:\/\/doitall.com.mx\/index.php\/wp-json\/wp\/v2\/comments?post=4216"}],"wp:featuredmedia":[{"embeddable":true,"href":"https:\/\/doitall.com.mx\/index.php\/wp-json\/wp\/v2\/media\/4217"}],"wp:attachment":[{"href":"https:\/\/doitall.com.mx\/index.php\/wp-json\/wp\/v2\/media?parent=4216"}],"wp:term":[{"taxonomy":"product_brand","embeddable":true,"href":"https:\/\/doitall.com.mx\/index.php\/wp-json\/wp\/v2\/product_brand?post=4216"},{"taxonomy":"product_cat","embeddable":true,"href":"https:\/\/doitall.com.mx\/index.php\/wp-json\/wp\/v2\/product_cat?post=4216"},{"taxonomy":"product_tag","embeddable":true,"href":"https:\/\/doitall.com.mx\/index.php\/wp-json\/wp\/v2\/product_tag?post=4216"}],"curies":[{"name":"wp","href":"https:\/\/api.w.org\/{rel}","templated":true}]}}