{"id":4208,"date":"2024-06-05T16:44:45","date_gmt":"2024-06-05T16:44:45","guid":{"rendered":"https:\/\/doitall.com.mx\/?post_type=product&#038;p=4208"},"modified":"2024-06-05T16:46:21","modified_gmt":"2024-06-05T16:46:21","slug":"xochimilco","status":"publish","type":"product","link":"https:\/\/doitall.com.mx\/index.php\/product\/xochimilco\/","title":{"rendered":"XOCHIMILCO"},"content":{"rendered":"<p><strong>XOCHIMILCO<\/strong><br \/>\nDisfruta de una fiesta mexicana flotante en Canc\u00fan<br \/>\nEl Tour Xoximilco es una magn\u00edfica opci\u00f3n para hacer nuevos amigos, festejar un acontecimiento importante, o simplemente ser parte de esta tradici\u00f3n del M\u00e9xico de la \u00e9poca de oro.<\/p>\n<p>Disfruta de un recorrido por canales a bordo de una trajinera, baila y canta con la m\u00fasica tradicional en vivo, disfruta deliciosas degustaciones de la gastronom\u00eda mexicana y brinda con nosotros.<\/p>\n<p>\u00a1Goza de la vida nocturna de Canc\u00fan al estilo mexicano y reserva ahora!<\/p>\n<p>Nota importante: peso m\u00e1ximo por trajinera de 3000 kg (aproximadamente 20 personas).<br \/>\nhttps:\/\/www.instagram.com\/doitall.tours.travel<\/p>\n","protected":false},"excerpt":{"rendered":"<p><strong>XOCHIMILCO<\/strong><br \/>\nDisfruta de una fiesta mexicana flotante en Canc\u00fan<br \/>\nEl Tour Xoximilco es una magn\u00edfica opci\u00f3n para hacer nuevos amigos, festejar un acontecimiento importante, o simplemente ser parte de esta tradici\u00f3n del M\u00e9xico de la \u00e9poca de oro.<\/p>\n<p>Disfruta de un recorrido por canales a bordo de una trajinera, baila y canta con la m\u00fasica tradicional en vivo, disfruta deliciosas degustaciones de la gastronom\u00eda mexicana y brinda con nosotros.<\/p>\n<p>\u00a1Goza de la vida nocturna de Canc\u00fan al estilo mexicano y reserva ahora!<\/p>\n<p>Nota importante: peso m\u00e1ximo por trajinera de 3000 kg (aproximadamente 20 personas).<br \/>\nhttps:\/\/www.instagram.com\/doitall.tours.travel<\/p>\n","protected":false},"featured_media":4209,"comment_status":"open","ping_status":"closed","template":"","meta":{"_eb_attr":"","site-sidebar-layout":"default","site-content-layout":"","ast-site-content-layout":"default","site-content-style":"default","site-sidebar-style":"default","ast-global-header-display":"","ast-banner-title-visibility":"","ast-main-header-display":"","ast-hfb-above-header-display":"","ast-hfb-below-header-display":"","ast-hfb-mobile-header-display":"","site-post-title":"","ast-breadcrumbs-content":"","ast-featured-img":"","footer-sml-layout":"","ast-disable-related-posts":"","theme-transparent-header-meta":"default","adv-header-id-meta":"","stick-header-meta":"","header-above-stick-meta":"","header-main-stick-meta":"","header-below-stick-meta":"","astra-migrate-meta-layouts":"set","ast-page-background-enabled":"default","ast-page-background-meta":{"desktop":{"background-color":"var(--ast-global-color-4)","background-image":"","background-repeat":"repeat","background-position":"center center","background-size":"auto","background-attachment":"scroll","background-type":"","background-media":"","overlay-type":"","overlay-color":"","overlay-opacity":"","overlay-gradient":""},"tablet":{"background-color":"","background-image":"","background-repeat":"repeat","background-position":"center center","background-size":"auto","background-attachment":"scroll","background-type":"","background-media":"","overlay-type":"","overlay-color":"","overlay-opacity":"","overlay-gradient":""},"mobile":{"background-color":"","background-image":"","background-repeat":"repeat","background-position":"center center","background-size":"auto","background-attachment":"scroll","background-type":"","background-media":"","overlay-type":"","overlay-color":"","overlay-opacity":"","overlay-gradient":""}},"ast-content-background-meta":{"desktop":{"background-color":"var(--ast-global-color-5)","background-image":"","background-repeat":"repeat","background-position":"center center","background-size":"auto","background-attachment":"scroll","background-type":"","background-media":"","overlay-type":"","overlay-color":"","overlay-opacity":"","overlay-gradient":""},"tablet":{"background-color":"var(--ast-global-color-5)","background-image":"","background-repeat":"repeat","background-position":"center center","background-size":"auto","background-attachment":"scroll","background-type":"","background-media":"","overlay-type":"","overlay-color":"","overlay-opacity":"","overlay-gradient":""},"mobile":{"background-color":"var(--ast-global-color-5)","background-image":"","background-repeat":"repeat","background-position":"center center","background-size":"auto","background-attachment":"scroll","background-type":"","background-media":"","overlay-type":"","overlay-color":"","overlay-opacity":"","overlay-gradient":""}}},"product_brand":[],"product_cat":[15],"product_tag":[],"class_list":{"0":"post-4208","1":"product","2":"type-product","3":"status-publish","4":"has-post-thumbnail","6":"product_cat-uncategorized","7":"desktop-align-left","8":"tablet-align-left","9":"mobile-align-left","11":"first","12":"instock","13":"shipping-taxable","14":"product-type-simple"},"_links":{"self":[{"href":"https:\/\/doitall.com.mx\/index.php\/wp-json\/wp\/v2\/product\/4208","targetHints":{"allow":["GET"]}}],"collection":[{"href":"https:\/\/doitall.com.mx\/index.php\/wp-json\/wp\/v2\/product"}],"about":[{"href":"https:\/\/doitall.com.mx\/index.php\/wp-json\/wp\/v2\/types\/product"}],"replies":[{"embeddable":true,"href":"https:\/\/doitall.com.mx\/index.php\/wp-json\/wp\/v2\/comments?post=4208"}],"wp:featuredmedia":[{"embeddable":true,"href":"https:\/\/doitall.com.mx\/index.php\/wp-json\/wp\/v2\/media\/4209"}],"wp:attachment":[{"href":"https:\/\/doitall.com.mx\/index.php\/wp-json\/wp\/v2\/media?parent=4208"}],"wp:term":[{"taxonomy":"product_brand","embeddable":true,"href":"https:\/\/doitall.com.mx\/index.php\/wp-json\/wp\/v2\/product_brand?post=4208"},{"taxonomy":"product_cat","embeddable":true,"href":"https:\/\/doitall.com.mx\/index.php\/wp-json\/wp\/v2\/product_cat?post=4208"},{"taxonomy":"product_tag","embeddable":true,"href":"https:\/\/doitall.com.mx\/index.php\/wp-json\/wp\/v2\/product_tag?post=4208"}],"curies":[{"name":"wp","href":"https:\/\/api.w.org\/{rel}","templated":true}]}}