{"id":4194,"date":"2024-06-05T16:28:10","date_gmt":"2024-06-05T16:28:10","guid":{"rendered":"https:\/\/doitall.com.mx\/?post_type=product&#038;p=4194"},"modified":"2024-06-05T16:28:24","modified_gmt":"2024-06-05T16:28:24","slug":"xavage-2","status":"publish","type":"product","link":"https:\/\/doitall.com.mx\/index.php\/product\/xavage-2\/","title":{"rendered":"XAVAGE"},"content":{"rendered":"<p><strong>XAVAGE<\/strong><br \/>\nXavage te espera con una aventura inolvidable. Descubre seis actividades que solo encontrar\u00e1s en este parque en Canc\u00fan y la Riviera Maya.<br \/>\nToma tu remo y lleva el kayak por los \u00fanicos canales en Canc\u00fan para despu\u00e9s divertirte en un Circuito de Cuerdas con distintos obst\u00e1culos y niveles de destreza. Sube a un Jet Acu\u00e1tico para sentir la velocidad y giros por los canales del parque y m\u00e1s tarde toma el volante de un poderoso Monster Truck, volar en posici\u00f3n horizontal una tirolesa o pr\u00e1cticar rafting en los \u00fanicos r\u00edos r\u00e1pidos del Caribe mexicano.<br \/>\nAdem\u00e1s, hay un \u00e1rea para peque\u00f1os de 5 a 11 a\u00f1os con toboganes, tirachorros y puentes. Tu entrada incluye alimentos y bebidas ilimitados. \u00bfEst\u00e1s listo para la aventura?<\/p>\n<p>Descubre los \u00fanicos canales de Canc\u00fan en Kayak, prueba tu habilidad en el Ropes Course y sus diferentes niveles, siente la velocidad en el Jet Boat, practica Rafting en los \u00fanicos r\u00e1pidos del destino, supera los obst\u00e1culos del camino, al volante de un Monster Truck y vuela como un ave en la Tirolesa Xavage. Adem\u00e1s, encuentra un \u00e1rea para los m\u00e1s peque\u00f1os en Xorros y Cachorros. Las entradas incluyen un delicioso buffet y snacks (pizzas, jugos y licuados).<br \/>\nhttps:\/\/www.instagram.com\/doitall.tours.travel<\/p>\n","protected":false},"excerpt":{"rendered":"<p><strong>XAVAGE<\/strong><br \/>\nXavage te espera con una aventura inolvidable. Descubre seis actividades que solo encontrar\u00e1s en este parque en Canc\u00fan y la Riviera Maya.<br \/>\nToma tu remo y lleva el kayak por los \u00fanicos canales en Canc\u00fan para despu\u00e9s divertirte en un Circuito de Cuerdas con distintos obst\u00e1culos y niveles de destreza. Sube a un Jet Acu\u00e1tico para sentir la velocidad y giros por los canales del parque y m\u00e1s tarde toma el volante de un poderoso Monster Truck, volar en posici\u00f3n horizontal una tirolesa o pr\u00e1cticar rafting en los \u00fanicos r\u00edos r\u00e1pidos del Caribe mexicano.<br \/>\nAdem\u00e1s, hay un \u00e1rea para peque\u00f1os de 5 a 11 a\u00f1os con toboganes, tirachorros y puentes. Tu entrada incluye alimentos y bebidas ilimitados. \u00bfEst\u00e1s listo para la aventura?<\/p>\n","protected":false},"featured_media":4195,"comment_status":"open","ping_status":"closed","template":"","meta":{"_eb_attr":"","site-sidebar-layout":"default","site-content-layout":"","ast-site-content-layout":"default","site-content-style":"default","site-sidebar-style":"default","ast-global-header-display":"","ast-banner-title-visibility":"","ast-main-header-display":"","ast-hfb-above-header-display":"","ast-hfb-below-header-display":"","ast-hfb-mobile-header-display":"","site-post-title":"","ast-breadcrumbs-content":"","ast-featured-img":"","footer-sml-layout":"","ast-disable-related-posts":"","theme-transparent-header-meta":"default","adv-header-id-meta":"","stick-header-meta":"","header-above-stick-meta":"","header-main-stick-meta":"","header-below-stick-meta":"","astra-migrate-meta-layouts":"set","ast-page-background-enabled":"default","ast-page-background-meta":{"desktop":{"background-color":"var(--ast-global-color-4)","background-image":"","background-repeat":"repeat","background-position":"center center","background-size":"auto","background-attachment":"scroll","background-type":"","background-media":"","overlay-type":"","overlay-color":"","overlay-opacity":"","overlay-gradient":""},"tablet":{"background-color":"","background-image":"","background-repeat":"repeat","background-position":"center center","background-size":"auto","background-attachment":"scroll","background-type":"","background-media":"","overlay-type":"","overlay-color":"","overlay-opacity":"","overlay-gradient":""},"mobile":{"background-color":"","background-image":"","background-repeat":"repeat","background-position":"center center","background-size":"auto","background-attachment":"scroll","background-type":"","background-media":"","overlay-type":"","overlay-color":"","overlay-opacity":"","overlay-gradient":""}},"ast-content-background-meta":{"desktop":{"background-color":"var(--ast-global-color-5)","background-image":"","background-repeat":"repeat","background-position":"center center","background-size":"auto","background-attachment":"scroll","background-type":"","background-media":"","overlay-type":"","overlay-color":"","overlay-opacity":"","overlay-gradient":""},"tablet":{"background-color":"var(--ast-global-color-5)","background-image":"","background-repeat":"repeat","background-position":"center center","background-size":"auto","background-attachment":"scroll","background-type":"","background-media":"","overlay-type":"","overlay-color":"","overlay-opacity":"","overlay-gradient":""},"mobile":{"background-color":"var(--ast-global-color-5)","background-image":"","background-repeat":"repeat","background-position":"center center","background-size":"auto","background-attachment":"scroll","background-type":"","background-media":"","overlay-type":"","overlay-color":"","overlay-opacity":"","overlay-gradient":""}}},"product_brand":[],"product_cat":[31],"product_tag":[],"class_list":{"0":"post-4194","1":"product","2":"type-product","3":"status-publish","4":"has-post-thumbnail","6":"product_cat-acuatic-parks","7":"desktop-align-left","8":"tablet-align-left","9":"mobile-align-left","11":"first","12":"instock","13":"shipping-taxable","14":"product-type-simple"},"_links":{"self":[{"href":"https:\/\/doitall.com.mx\/index.php\/wp-json\/wp\/v2\/product\/4194","targetHints":{"allow":["GET"]}}],"collection":[{"href":"https:\/\/doitall.com.mx\/index.php\/wp-json\/wp\/v2\/product"}],"about":[{"href":"https:\/\/doitall.com.mx\/index.php\/wp-json\/wp\/v2\/types\/product"}],"replies":[{"embeddable":true,"href":"https:\/\/doitall.com.mx\/index.php\/wp-json\/wp\/v2\/comments?post=4194"}],"wp:featuredmedia":[{"embeddable":true,"href":"https:\/\/doitall.com.mx\/index.php\/wp-json\/wp\/v2\/media\/4195"}],"wp:attachment":[{"href":"https:\/\/doitall.com.mx\/index.php\/wp-json\/wp\/v2\/media?parent=4194"}],"wp:term":[{"taxonomy":"product_brand","embeddable":true,"href":"https:\/\/doitall.com.mx\/index.php\/wp-json\/wp\/v2\/product_brand?post=4194"},{"taxonomy":"product_cat","embeddable":true,"href":"https:\/\/doitall.com.mx\/index.php\/wp-json\/wp\/v2\/product_cat?post=4194"},{"taxonomy":"product_tag","embeddable":true,"href":"https:\/\/doitall.com.mx\/index.php\/wp-json\/wp\/v2\/product_tag?post=4194"}],"curies":[{"name":"wp","href":"https:\/\/api.w.org\/{rel}","templated":true}]}}