{"id":4187,"date":"2024-06-05T16:23:31","date_gmt":"2024-06-05T16:23:31","guid":{"rendered":"https:\/\/doitall.com.mx\/?post_type=product&#038;p=4187"},"modified":"2024-06-05T16:23:44","modified_gmt":"2024-06-05T16:23:44","slug":"xel-ha","status":"publish","type":"product","link":"https:\/\/doitall.com.mx\/index.php\/product\/xel-ha\/","title":{"rendered":"XEL HA"},"content":{"rendered":"<p><strong>XEL HA<\/strong><br \/>\nDisfruta de un parque acu\u00e1tico natural todo incluido en la Riviera Maya a unos minutos de Tulum<br \/>\nXel-H\u00e1 es un parque acu\u00e1tico natural cerca de Canc\u00fan donde realizar\u00e1s esn\u00f3rquel ilimitado en una caleta que desemboca en el mar Caribe. Podr\u00e1s pasear en bicicleta por los caminos de la selva, lanzarte al agua desde la piedra del valor, acuatizar desde una tirolesa y sentir la emoci\u00f3n del m\u00e1s alto de los toboganes en Canc\u00fan, Tulum y toda la Riviera Maya en el Faro Mirador; est\u00e1s y muchas otras actividades en Tulum podr\u00e1s vivir en la maravilla natural de la Riviera Maya. Xel-H\u00e1 es un parque todo incluido por lo que el buffet y la barra libre son parte de la experiencia.<br \/>\nhttps:\/\/www.instagram.com\/doitall.tours.travel<\/p>\n","protected":false},"excerpt":{"rendered":"<p><strong>XEL HA<\/strong><br \/>\nDisfruta de un parque acu\u00e1tico natural todo incluido en la Riviera Maya a unos minutos de Tulum<br \/>\nXel-H\u00e1 es un parque acu\u00e1tico natural cerca de Canc\u00fan donde realizar\u00e1s esn\u00f3rquel ilimitado en una caleta que desemboca en el mar Caribe. Podr\u00e1s pasear en bicicleta por los caminos de la selva, lanzarte al agua desde la piedra del valor, acuatizar desde una tirolesa y sentir la emoci\u00f3n del m\u00e1s alto de los toboganes en Canc\u00fan, Tulum y toda la Riviera Maya en el Faro Mirador; est\u00e1s y muchas otras actividades en Tulum podr\u00e1s vivir en la maravilla natural de la Riviera Maya. Xel-H\u00e1 es un parque todo incluido por lo que el buffet y la barra libre son parte de la experiencia.<br \/>\nhttps:\/\/www.instagram.com\/doitall.tours.travel<\/p>\n","protected":false},"featured_media":4188,"comment_status":"open","ping_status":"closed","template":"","meta":{"_eb_attr":"","site-sidebar-layout":"default","site-content-layout":"","ast-site-content-layout":"default","site-content-style":"default","site-sidebar-style":"default","ast-global-header-display":"","ast-banner-title-visibility":"","ast-main-header-display":"","ast-hfb-above-header-display":"","ast-hfb-below-header-display":"","ast-hfb-mobile-header-display":"","site-post-title":"","ast-breadcrumbs-content":"","ast-featured-img":"","footer-sml-layout":"","ast-disable-related-posts":"","theme-transparent-header-meta":"default","adv-header-id-meta":"","stick-header-meta":"","header-above-stick-meta":"","header-main-stick-meta":"","header-below-stick-meta":"","astra-migrate-meta-layouts":"set","ast-page-background-enabled":"default","ast-page-background-meta":{"desktop":{"background-color":"var(--ast-global-color-4)","background-image":"","background-repeat":"repeat","background-position":"center center","background-size":"auto","background-attachment":"scroll","background-type":"","background-media":"","overlay-type":"","overlay-color":"","overlay-opacity":"","overlay-gradient":""},"tablet":{"background-color":"","background-image":"","background-repeat":"repeat","background-position":"center center","background-size":"auto","background-attachment":"scroll","background-type":"","background-media":"","overlay-type":"","overlay-color":"","overlay-opacity":"","overlay-gradient":""},"mobile":{"background-color":"","background-image":"","background-repeat":"repeat","background-position":"center center","background-size":"auto","background-attachment":"scroll","background-type":"","background-media":"","overlay-type":"","overlay-color":"","overlay-opacity":"","overlay-gradient":""}},"ast-content-background-meta":{"desktop":{"background-color":"var(--ast-global-color-5)","background-image":"","background-repeat":"repeat","background-position":"center center","background-size":"auto","background-attachment":"scroll","background-type":"","background-media":"","overlay-type":"","overlay-color":"","overlay-opacity":"","overlay-gradient":""},"tablet":{"background-color":"var(--ast-global-color-5)","background-image":"","background-repeat":"repeat","background-position":"center center","background-size":"auto","background-attachment":"scroll","background-type":"","background-media":"","overlay-type":"","overlay-color":"","overlay-opacity":"","overlay-gradient":""},"mobile":{"background-color":"var(--ast-global-color-5)","background-image":"","background-repeat":"repeat","background-position":"center center","background-size":"auto","background-attachment":"scroll","background-type":"","background-media":"","overlay-type":"","overlay-color":"","overlay-opacity":"","overlay-gradient":""}}},"product_brand":[],"product_cat":[31],"product_tag":[],"class_list":{"0":"post-4187","1":"product","2":"type-product","3":"status-publish","4":"has-post-thumbnail","6":"product_cat-acuatic-parks","7":"desktop-align-left","8":"tablet-align-left","9":"mobile-align-left","11":"first","12":"instock","13":"shipping-taxable","14":"product-type-simple"},"_links":{"self":[{"href":"https:\/\/doitall.com.mx\/index.php\/wp-json\/wp\/v2\/product\/4187","targetHints":{"allow":["GET"]}}],"collection":[{"href":"https:\/\/doitall.com.mx\/index.php\/wp-json\/wp\/v2\/product"}],"about":[{"href":"https:\/\/doitall.com.mx\/index.php\/wp-json\/wp\/v2\/types\/product"}],"replies":[{"embeddable":true,"href":"https:\/\/doitall.com.mx\/index.php\/wp-json\/wp\/v2\/comments?post=4187"}],"wp:featuredmedia":[{"embeddable":true,"href":"https:\/\/doitall.com.mx\/index.php\/wp-json\/wp\/v2\/media\/4188"}],"wp:attachment":[{"href":"https:\/\/doitall.com.mx\/index.php\/wp-json\/wp\/v2\/media?parent=4187"}],"wp:term":[{"taxonomy":"product_brand","embeddable":true,"href":"https:\/\/doitall.com.mx\/index.php\/wp-json\/wp\/v2\/product_brand?post=4187"},{"taxonomy":"product_cat","embeddable":true,"href":"https:\/\/doitall.com.mx\/index.php\/wp-json\/wp\/v2\/product_cat?post=4187"},{"taxonomy":"product_tag","embeddable":true,"href":"https:\/\/doitall.com.mx\/index.php\/wp-json\/wp\/v2\/product_tag?post=4187"}],"curies":[{"name":"wp","href":"https:\/\/api.w.org\/{rel}","templated":true}]}}