{"id":4137,"date":"2024-06-04T15:03:25","date_gmt":"2024-06-04T15:03:25","guid":{"rendered":"https:\/\/doitall.com.mx\/?post_type=product&#038;p=4137"},"modified":"2024-06-04T15:03:37","modified_gmt":"2024-06-04T15:03:37","slug":"gimme-all-2","status":"publish","type":"product","link":"https:\/\/doitall.com.mx\/index.php\/product\/gimme-all-2\/","title":{"rendered":"GIMME ALL"},"content":{"rendered":"<p><strong>GIMME ALL<\/strong><br \/>\n\u00bfLo quieres? \u00a1Lo tienes!<br \/>\nNing\u00fan otro lugar en el mundo ofrece esta gran variedad de emocionantes actividades al aire libre en una sola aventura de d\u00eda completo. \u00a1Una experiencia que cambiar\u00e1 tu vida!<br \/>\nVuela sobre las copas de los \u00e1rboles en el circuito de 10 tirolesas.<br \/>\nAl final aterriza o termina mojado con nuestro AquaZip \u00a1Es tu elecci\u00f3n!<br \/>\n\u00bfQu\u00e9 tal todo esto para una aventura alucinante en la selva? Incluye: *Transportaci\u00f3n<br \/>\n*Circuito de 10 l\u00edneas<br \/>\n*Aqua-zip \/ opcional en la \u00faltima l\u00ednea<br \/>\n*Tarzania (zipline coaster)<br \/>\n*Jungle Caster<br \/>\n*Puentes colgantes<br \/>\n*Bungee Swing \/ Parachute Jump<br \/>\n*Superflight (2 l\u00edneas)<br \/>\n*Polaris RZR or ATV<br \/>\n*Nado en cenote natural<br \/>\n*Lunch ligero y aguas<\/p>\n<p>IMPORTANTE<\/p>\n<p>Edad m\u00ednima para manejar 16 a\u00f1os e identificaci\u00f3n para validarla.<br \/>\nLa medida m\u00e1xima de cintura para tirolesas y puentes es de 47\u201d o 120 cm.<br \/>\nPeso m\u00ednimo en Tarzaniat: 45 kg \/ 99 lb<br \/>\nPeso m\u00e1ximo en Tarzania: 110 kg \/ 243 lb<\/p>\n<div class=\"ast-oembed-container \" style=\"height: 100%;\"><iframe title=\"GIMME ALL  SELVATICA\" width=\"500\" height=\"281\" src=\"https:\/\/www.youtube.com\/embed\/O_fP53gZIM0?feature=oembed\" frameborder=\"0\" allow=\"accelerometer; autoplay; clipboard-write; encrypted-media; gyroscope; picture-in-picture; web-share\" referrerpolicy=\"strict-origin-when-cross-origin\" allowfullscreen><\/iframe><\/div>\n","protected":false},"excerpt":{"rendered":"<p><strong>GIMME ALL<\/strong><br \/>\n\u00bfLo quieres? \u00a1Lo tienes!<br \/>\nNing\u00fan otro lugar en el mundo ofrece esta gran variedad de emocionantes actividades al aire libre en una sola aventura de d\u00eda completo. \u00a1Una experiencia que cambiar\u00e1 tu vida!<br \/>\nVuela sobre las copas de los \u00e1rboles en el circuito de 10 tirolesas.<br \/>\nAl final aterriza o termina mojado con nuestro AquaZip \u00a1Es tu elecci\u00f3n!<br \/>\n\u00bfQu\u00e9 tal todo esto para una aventura alucinante en la selva? Incluye: *Transportaci\u00f3n<br \/>\n*Circuito de 10 l\u00edneas<br \/>\n*Aqua-zip \/ opcional en la \u00faltima l\u00ednea<br \/>\n*Tarzania (zipline coaster)<br \/>\n*Jungle Caster<br \/>\n*Puentes colgantes<br \/>\n*Bungee Swing \/ Parachute Jump<br \/>\n*Superflight (2 l\u00edneas)<br \/>\n*Polaris RZR or ATV<br \/>\n*Nado en cenote natural<br \/>\n*Lunch ligero y aguas<\/p>\n","protected":false},"featured_media":4138,"comment_status":"open","ping_status":"closed","template":"","meta":{"_eb_attr":"","site-sidebar-layout":"default","site-content-layout":"","ast-site-content-layout":"default","site-content-style":"default","site-sidebar-style":"default","ast-global-header-display":"","ast-banner-title-visibility":"","ast-main-header-display":"","ast-hfb-above-header-display":"","ast-hfb-below-header-display":"","ast-hfb-mobile-header-display":"","site-post-title":"","ast-breadcrumbs-content":"","ast-featured-img":"","footer-sml-layout":"","ast-disable-related-posts":"","theme-transparent-header-meta":"default","adv-header-id-meta":"","stick-header-meta":"","header-above-stick-meta":"","header-main-stick-meta":"","header-below-stick-meta":"","astra-migrate-meta-layouts":"set","ast-page-background-enabled":"default","ast-page-background-meta":{"desktop":{"background-color":"var(--ast-global-color-4)","background-image":"","background-repeat":"repeat","background-position":"center center","background-size":"auto","background-attachment":"scroll","background-type":"","background-media":"","overlay-type":"","overlay-color":"","overlay-opacity":"","overlay-gradient":""},"tablet":{"background-color":"","background-image":"","background-repeat":"repeat","background-position":"center center","background-size":"auto","background-attachment":"scroll","background-type":"","background-media":"","overlay-type":"","overlay-color":"","overlay-opacity":"","overlay-gradient":""},"mobile":{"background-color":"","background-image":"","background-repeat":"repeat","background-position":"center center","background-size":"auto","background-attachment":"scroll","background-type":"","background-media":"","overlay-type":"","overlay-color":"","overlay-opacity":"","overlay-gradient":""}},"ast-content-background-meta":{"desktop":{"background-color":"var(--ast-global-color-5)","background-image":"","background-repeat":"repeat","background-position":"center center","background-size":"auto","background-attachment":"scroll","background-type":"","background-media":"","overlay-type":"","overlay-color":"","overlay-opacity":"","overlay-gradient":""},"tablet":{"background-color":"var(--ast-global-color-5)","background-image":"","background-repeat":"repeat","background-position":"center center","background-size":"auto","background-attachment":"scroll","background-type":"","background-media":"","overlay-type":"","overlay-color":"","overlay-opacity":"","overlay-gradient":""},"mobile":{"background-color":"var(--ast-global-color-5)","background-image":"","background-repeat":"repeat","background-position":"center center","background-size":"auto","background-attachment":"scroll","background-type":"","background-media":"","overlay-type":"","overlay-color":"","overlay-opacity":"","overlay-gradient":""}}},"product_brand":[],"product_cat":[25],"product_tag":[],"class_list":{"0":"post-4137","1":"product","2":"type-product","3":"status-publish","4":"has-post-thumbnail","6":"product_cat-adventure","7":"desktop-align-left","8":"tablet-align-left","9":"mobile-align-left","11":"first","12":"instock","13":"shipping-taxable","14":"product-type-simple"},"_links":{"self":[{"href":"https:\/\/doitall.com.mx\/index.php\/wp-json\/wp\/v2\/product\/4137","targetHints":{"allow":["GET"]}}],"collection":[{"href":"https:\/\/doitall.com.mx\/index.php\/wp-json\/wp\/v2\/product"}],"about":[{"href":"https:\/\/doitall.com.mx\/index.php\/wp-json\/wp\/v2\/types\/product"}],"replies":[{"embeddable":true,"href":"https:\/\/doitall.com.mx\/index.php\/wp-json\/wp\/v2\/comments?post=4137"}],"wp:featuredmedia":[{"embeddable":true,"href":"https:\/\/doitall.com.mx\/index.php\/wp-json\/wp\/v2\/media\/4138"}],"wp:attachment":[{"href":"https:\/\/doitall.com.mx\/index.php\/wp-json\/wp\/v2\/media?parent=4137"}],"wp:term":[{"taxonomy":"product_brand","embeddable":true,"href":"https:\/\/doitall.com.mx\/index.php\/wp-json\/wp\/v2\/product_brand?post=4137"},{"taxonomy":"product_cat","embeddable":true,"href":"https:\/\/doitall.com.mx\/index.php\/wp-json\/wp\/v2\/product_cat?post=4137"},{"taxonomy":"product_tag","embeddable":true,"href":"https:\/\/doitall.com.mx\/index.php\/wp-json\/wp\/v2\/product_tag?post=4137"}],"curies":[{"name":"wp","href":"https:\/\/api.w.org\/{rel}","templated":true}]}}