{"id":4055,"date":"2024-06-03T16:00:02","date_gmt":"2024-06-03T16:00:02","guid":{"rendered":"https:\/\/doitall.com.mx\/?post_type=product&#038;p=4055"},"modified":"2024-06-03T16:00:44","modified_gmt":"2024-06-03T16:00:44","slug":"rancho-bonanza","status":"publish","type":"product","link":"https:\/\/doitall.com.mx\/index.php\/product\/rancho-bonanza\/","title":{"rendered":"Rancho Bonanza"},"content":{"rendered":"<p>Rancho Bonanza<br \/>\nReconocido con el \u201cTraveler\u00b4s Choice Award 2022\u201d. Es ideal para quienes nunca han montado o tienen poca experiencia en esta actividad. Te llevaremos a un paseo original y suave a trav\u00e9s de hermosos lugares de la jungla y plantaciones de \u00e1rboles frutales. En el recorrido observar\u00e1s monos, aves ex\u00f3ticas y otras especies que habitan Rancho Bonanza.<\/p>\n<p>Visitar\u00e1s dos fascinantes cenotes donde podr\u00e1s refrescarte en uno de ellos, nadando en sus aguas cristalinas. Adem\u00e1s, conocer\u00e1s el origen del chicle. El recorrido terminar\u00e1 mientras disfrutas deliciosas bebidas no alcoh\u00f3licas, as\u00ed como chocolates y\/o palanquetas.<\/p>\n<p>Tendr\u00e1s la opci\u00f3n de acercarte a las colmenas de abejas melipona y probar la miel 100% natural en un ambiente seguro.<\/p>\n<p>*Informaci\u00f3n Importante Antes De Reservar*<br \/>\n\u27e9 Opera de Domingo a Viernes<br \/>\n\u27e9 10 personas por grupo<br \/>\n\u27e9 8 A\u00f1os en adelante<br \/>\n\u27e9 Pesos M\u00e1ximo 100 kg \u00f3 220 Lbs<br \/>\n\u27e9 1 Persona por Caballo<br \/>\n\u27e9 Transporte Inclu\u00eddo<\/p>\n<p>*Una actividad que te va a encantar*<\/p>\n<p>*Cont\u00e1ctenos para m\u00e1s informaci\u00f3n o Reservar est\u00e1 experiencia*<\/p>\n<p>*Informaci\u00f3n Importante Antes De Reservar*<br \/>\n\u27e9 Opera de Domingo a Viernes<br \/>\n\u27e9 10 personas por grupo<br \/>\n\u27e9 8 A\u00f1os en adelante<br \/>\n\u27e9 Pesos M\u00e1ximo 100 kg \u00f3 220 Lbs<br \/>\n\u27e9 1 Persona por Caballo<br \/>\n\u27e9 Transporte Inclu\u00eddo<\/p>\n<p>*Una actividad que te va a encantar*<\/p>\n<p>*Cont\u00e1ctenos para m\u00e1s informaci\u00f3n o Reservar est\u00e1 experiencia*<\/p>\n<p>Reconocido con el \u201cTraveler\u00b4s Choice Award 2022\u201d. Es ideal para quienes nunca han montado o tienen poca experiencia en esta actividad. Te llevaremos a un paseo original y suave a trav\u00e9s de hermosos lugares de la jungla y plantaciones de \u00e1rboles frutales. En el recorrido observar\u00e1s monos, aves ex\u00f3ticas y otras especies que habitan Rancho Bonanza.<\/p>\n<p>Visitar\u00e1s dos fascinantes cenotes donde podr\u00e1s refrescarte en uno de ellos, nadando en sus aguas cristalinas. Adem\u00e1s, conocer\u00e1s el origen del chicle. El recorrido terminar\u00e1 mientras disfrutas deliciosas bebidas no alcoh\u00f3licas, as\u00ed como chocolates y\/o palanquetas.<\/p>\n<p>Tendr\u00e1s la opci\u00f3n de acercarte a las colmenas de abejas melipona y probar la miel 100% natural en un ambiente seguro.<\/p>\n<p>*Informaci\u00f3n Importante Antes De Reservar*<br \/>\n\u27e9 Opera de Domingo a Viernes<br \/>\n\u27e9 10 personas por grupo<br \/>\n\u27e9 8 A\u00f1os en adelante<br \/>\n\u27e9 Pesos M\u00e1ximo 100 kg \u00f3 220 Lbs<br \/>\n\u27e9 1 Persona por Caballo<br \/>\n\u27e9 Transporte Inclu\u00eddo<\/p>\n<p>*Una actividad que te va a encantar*<\/p>\n<p>*Cont\u00e1ctenos para m\u00e1s informaci\u00f3n o Reservar est\u00e1 experiencia*<\/p>\n","protected":false},"excerpt":{"rendered":"<p><strong>Rancho Bonanza<\/strong><br \/>\nReconocido con el \u201cTraveler\u00b4s Choice Award 2022\u201d. Es ideal para quienes nunca han montado o tienen poca experiencia en esta actividad. Te llevaremos a un paseo original y suave a trav\u00e9s de hermosos lugares de la jungla y plantaciones de \u00e1rboles frutales. En el recorrido observar\u00e1s monos, aves ex\u00f3ticas y otras especies que habitan Rancho Bonanza.<\/p>\n<p>Visitar\u00e1s dos fascinantes cenotes donde podr\u00e1s refrescarte en uno de ellos, nadando en sus aguas cristalinas. Adem\u00e1s, conocer\u00e1s el origen del chicle. El recorrido terminar\u00e1 mientras disfrutas deliciosas bebidas no alcoh\u00f3licas, as\u00ed como chocolates y\/o palanquetas.<\/p>\n<p>Tendr\u00e1s la opci\u00f3n de acercarte a las colmenas de abejas melipona y probar la miel 100% natural en un ambiente seguro.<\/p>\n<p>*Informaci\u00f3n Importante Antes De Reservar*<br \/>\n\u27e9 Opera de Domingo a Viernes<br \/>\n\u27e9 10 personas por grupo<br \/>\n\u27e9 8 A\u00f1os en adelante<br \/>\n\u27e9 Pesos M\u00e1ximo 100 kg \u00f3 220 Lbs<br \/>\n\u27e9 1 Persona por Caballo<br \/>\n\u27e9 Transporte Inclu\u00eddo<\/p>\n<p>*Una actividad que te va a encantar*<\/p>\n<p>*Cont\u00e1ctenos para m\u00e1s informaci\u00f3n o Reservar est\u00e1 experiencia*<\/p>\n","protected":false},"featured_media":4056,"comment_status":"open","ping_status":"closed","template":"","meta":{"_eb_attr":"","site-sidebar-layout":"default","site-content-layout":"","ast-site-content-layout":"default","site-content-style":"default","site-sidebar-style":"default","ast-global-header-display":"","ast-banner-title-visibility":"","ast-main-header-display":"","ast-hfb-above-header-display":"","ast-hfb-below-header-display":"","ast-hfb-mobile-header-display":"","site-post-title":"","ast-breadcrumbs-content":"","ast-featured-img":"","footer-sml-layout":"","ast-disable-related-posts":"","theme-transparent-header-meta":"default","adv-header-id-meta":"","stick-header-meta":"","header-above-stick-meta":"","header-main-stick-meta":"","header-below-stick-meta":"","astra-migrate-meta-layouts":"set","ast-page-background-enabled":"default","ast-page-background-meta":{"desktop":{"background-color":"var(--ast-global-color-4)","background-image":"","background-repeat":"repeat","background-position":"center center","background-size":"auto","background-attachment":"scroll","background-type":"","background-media":"","overlay-type":"","overlay-color":"","overlay-opacity":"","overlay-gradient":""},"tablet":{"background-color":"","background-image":"","background-repeat":"repeat","background-position":"center center","background-size":"auto","background-attachment":"scroll","background-type":"","background-media":"","overlay-type":"","overlay-color":"","overlay-opacity":"","overlay-gradient":""},"mobile":{"background-color":"","background-image":"","background-repeat":"repeat","background-position":"center center","background-size":"auto","background-attachment":"scroll","background-type":"","background-media":"","overlay-type":"","overlay-color":"","overlay-opacity":"","overlay-gradient":""}},"ast-content-background-meta":{"desktop":{"background-color":"var(--ast-global-color-5)","background-image":"","background-repeat":"repeat","background-position":"center center","background-size":"auto","background-attachment":"scroll","background-type":"","background-media":"","overlay-type":"","overlay-color":"","overlay-opacity":"","overlay-gradient":""},"tablet":{"background-color":"var(--ast-global-color-5)","background-image":"","background-repeat":"repeat","background-position":"center center","background-size":"auto","background-attachment":"scroll","background-type":"","background-media":"","overlay-type":"","overlay-color":"","overlay-opacity":"","overlay-gradient":""},"mobile":{"background-color":"var(--ast-global-color-5)","background-image":"","background-repeat":"repeat","background-position":"center center","background-size":"auto","background-attachment":"scroll","background-type":"","background-media":"","overlay-type":"","overlay-color":"","overlay-opacity":"","overlay-gradient":""}}},"product_brand":[],"product_cat":[25],"product_tag":[],"class_list":{"0":"post-4055","1":"product","2":"type-product","3":"status-publish","4":"has-post-thumbnail","6":"product_cat-adventure","7":"desktop-align-left","8":"tablet-align-left","9":"mobile-align-left","11":"first","12":"instock","13":"shipping-taxable","14":"product-type-simple"},"_links":{"self":[{"href":"https:\/\/doitall.com.mx\/index.php\/wp-json\/wp\/v2\/product\/4055","targetHints":{"allow":["GET"]}}],"collection":[{"href":"https:\/\/doitall.com.mx\/index.php\/wp-json\/wp\/v2\/product"}],"about":[{"href":"https:\/\/doitall.com.mx\/index.php\/wp-json\/wp\/v2\/types\/product"}],"replies":[{"embeddable":true,"href":"https:\/\/doitall.com.mx\/index.php\/wp-json\/wp\/v2\/comments?post=4055"}],"wp:featuredmedia":[{"embeddable":true,"href":"https:\/\/doitall.com.mx\/index.php\/wp-json\/wp\/v2\/media\/4056"}],"wp:attachment":[{"href":"https:\/\/doitall.com.mx\/index.php\/wp-json\/wp\/v2\/media?parent=4055"}],"wp:term":[{"taxonomy":"product_brand","embeddable":true,"href":"https:\/\/doitall.com.mx\/index.php\/wp-json\/wp\/v2\/product_brand?post=4055"},{"taxonomy":"product_cat","embeddable":true,"href":"https:\/\/doitall.com.mx\/index.php\/wp-json\/wp\/v2\/product_cat?post=4055"},{"taxonomy":"product_tag","embeddable":true,"href":"https:\/\/doitall.com.mx\/index.php\/wp-json\/wp\/v2\/product_tag?post=4055"}],"curies":[{"name":"wp","href":"https:\/\/api.w.org\/{rel}","templated":true}]}}