{"id":4046,"date":"2024-06-03T15:49:53","date_gmt":"2024-06-03T15:49:53","guid":{"rendered":"https:\/\/doitall.com.mx\/?post_type=product&#038;p=4046"},"modified":"2024-06-03T15:51:24","modified_gmt":"2024-06-03T15:51:24","slug":"4046","status":"publish","type":"product","link":"https:\/\/doitall.com.mx\/index.php\/product\/4046\/","title":{"rendered":"Camel Safari"},"content":{"rendered":"<p><em><strong>Camel Safari<\/strong><\/em><br \/>\nTe invitamos a vivir una actividad<br \/>\nextraordinaria en un Safari por la selva montando en un Camello y finalizando en senderos llenos de arena,<br \/>\n\u201cSi aqu\u00ed en el Caribe\u201d,<\/p>\n<p>Esta actividad tiene una duraci\u00f3n de<br \/>\n45 minutos, expertos gu\u00edas y cuidado de esta especie te informar\u00e1n en un breve anuncio antes de comenzar el safari las medidas de seguridad y equipo necesarios para que esta ex\u00f3tica actividad sea inolvidable.<\/p>\n<p>Te invitamos a vivir una actividad<br \/>\nextraordinaria en un Safari por la selva montando en un Camello y finalizando en senderos llenos de arena,<br \/>\n\u201cSi aqu\u00ed en el Caribe\u201d,<\/p>\n<p>Esta actividad tiene una duraci\u00f3n de<br \/>\n45 minutos, expertos gu\u00edas y cuidado de esta especie te informar\u00e1n en un breve anuncio antes de comenzar el safari las medidas de seguridad y equipo necesarios para que esta ex\u00f3tica actividad sea inolvidable.<\/p>\n<p>Te invitamos a vivir una actividad<br \/>\nextraordinaria en un Safari por la selva montando en un Camello y finalizando en senderos llenos de arena,<br \/>\n\u201cSi aqu\u00ed en el Caribe\u201d,<\/p>\n<p>Esta actividad tiene una duraci\u00f3n de<br \/>\n45 minutos, expertos gu\u00edas y cuidado de esta especie te informar\u00e1n en un breve anuncio antes de comenzar el safari las medidas de seguridad y equipo necesarios para que esta ex\u00f3tica actividad sea inolvidable.<\/p>\n<p>*Incluye*<br \/>\n\u27e9 Tour guiado a camello en Playa Maroma<br \/>\n\u27e9 Acceso a Playa Maroma<br \/>\n\u27e9 Equipo de seguridad<br \/>\n\u27e9 Transportaci\u00f3n en servicio compartido desde hotel Canc\u00fan, Playa del Carmen y Riviera Maya<br \/>\n\u27e9 Guias en ingl\u00e9s y en espa\u00f1ol<\/p>\n<p>*No Incluye*<br \/>\n\u27e9 Fotos de recuerdo<br \/>\n\u27e9 Comidas y bebidas<br \/>\n\u27e9 Transporte en servicio privado<\/p>\n<p>*Informaci\u00f3n \u00fatil para antes de reservar*<br \/>\n\u27e9 Peso m\u00e1ximo por persona 100 kg \/ 220 lbs.<br \/>\n\u27e9 Ni\u00f1os pagan la misma tarifa a partir<br \/>\nde los 8 a\u00f1os<br \/>\n\u27e9 15 minutos de explicaci\u00f3n del recorrido<br \/>\ny 45 minutos de paseo en camello.<br \/>\n\u27e9 Una persona por camello<\/p>\n<p>*Contactanos Para Reservar Est\u00e1 Experiencia*<\/p>\n<div class=\"ast-oembed-container \" style=\"height: 100%;\"><iframe title=\"Camel Safari Riviera Maya\" width=\"500\" height=\"281\" src=\"https:\/\/www.youtube.com\/embed\/Qy6i4U4HZn0?feature=oembed\" frameborder=\"0\" allow=\"accelerometer; autoplay; clipboard-write; encrypted-media; gyroscope; picture-in-picture; web-share\" referrerpolicy=\"strict-origin-when-cross-origin\" allowfullscreen><\/iframe><\/div>\n","protected":false},"excerpt":{"rendered":"<p><em><strong>Camel Safari<\/strong><\/em><br \/>\nTe invitamos a vivir una actividad<br \/>\nextraordinaria en un Safari por la selva montando en un Camello y finalizando en senderos llenos de arena,<br \/>\n\u201cSi aqu\u00ed en el Caribe\u201d,<\/p>\n<p>Esta actividad tiene una duraci\u00f3n de<br \/>\n45 minutos, expertos gu\u00edas y cuidado de esta especie te informar\u00e1n en un breve anuncio antes de comenzar el safari las medidas de seguridad y equipo necesarios para que esta ex\u00f3tica actividad sea inolvidable.<\/p>\n","protected":false},"featured_media":4047,"comment_status":"open","ping_status":"closed","template":"","meta":{"_eb_attr":"","site-sidebar-layout":"default","site-content-layout":"","ast-site-content-layout":"default","site-content-style":"default","site-sidebar-style":"default","ast-global-header-display":"","ast-banner-title-visibility":"","ast-main-header-display":"","ast-hfb-above-header-display":"","ast-hfb-below-header-display":"","ast-hfb-mobile-header-display":"","site-post-title":"","ast-breadcrumbs-content":"","ast-featured-img":"","footer-sml-layout":"","ast-disable-related-posts":"","theme-transparent-header-meta":"default","adv-header-id-meta":"","stick-header-meta":"","header-above-stick-meta":"","header-main-stick-meta":"","header-below-stick-meta":"","astra-migrate-meta-layouts":"set","ast-page-background-enabled":"default","ast-page-background-meta":{"desktop":{"background-color":"var(--ast-global-color-4)","background-image":"","background-repeat":"repeat","background-position":"center center","background-size":"auto","background-attachment":"scroll","background-type":"","background-media":"","overlay-type":"","overlay-color":"","overlay-opacity":"","overlay-gradient":""},"tablet":{"background-color":"","background-image":"","background-repeat":"repeat","background-position":"center center","background-size":"auto","background-attachment":"scroll","background-type":"","background-media":"","overlay-type":"","overlay-color":"","overlay-opacity":"","overlay-gradient":""},"mobile":{"background-color":"","background-image":"","background-repeat":"repeat","background-position":"center center","background-size":"auto","background-attachment":"scroll","background-type":"","background-media":"","overlay-type":"","overlay-color":"","overlay-opacity":"","overlay-gradient":""}},"ast-content-background-meta":{"desktop":{"background-color":"var(--ast-global-color-5)","background-image":"","background-repeat":"repeat","background-position":"center center","background-size":"auto","background-attachment":"scroll","background-type":"","background-media":"","overlay-type":"","overlay-color":"","overlay-opacity":"","overlay-gradient":""},"tablet":{"background-color":"var(--ast-global-color-5)","background-image":"","background-repeat":"repeat","background-position":"center center","background-size":"auto","background-attachment":"scroll","background-type":"","background-media":"","overlay-type":"","overlay-color":"","overlay-opacity":"","overlay-gradient":""},"mobile":{"background-color":"var(--ast-global-color-5)","background-image":"","background-repeat":"repeat","background-position":"center center","background-size":"auto","background-attachment":"scroll","background-type":"","background-media":"","overlay-type":"","overlay-color":"","overlay-opacity":"","overlay-gradient":""}}},"product_brand":[],"product_cat":[25],"product_tag":[],"class_list":{"0":"post-4046","1":"product","2":"type-product","3":"status-publish","4":"has-post-thumbnail","6":"product_cat-adventure","7":"desktop-align-left","8":"tablet-align-left","9":"mobile-align-left","11":"first","12":"instock","13":"shipping-taxable","14":"product-type-simple"},"_links":{"self":[{"href":"https:\/\/doitall.com.mx\/index.php\/wp-json\/wp\/v2\/product\/4046","targetHints":{"allow":["GET"]}}],"collection":[{"href":"https:\/\/doitall.com.mx\/index.php\/wp-json\/wp\/v2\/product"}],"about":[{"href":"https:\/\/doitall.com.mx\/index.php\/wp-json\/wp\/v2\/types\/product"}],"replies":[{"embeddable":true,"href":"https:\/\/doitall.com.mx\/index.php\/wp-json\/wp\/v2\/comments?post=4046"}],"wp:featuredmedia":[{"embeddable":true,"href":"https:\/\/doitall.com.mx\/index.php\/wp-json\/wp\/v2\/media\/4047"}],"wp:attachment":[{"href":"https:\/\/doitall.com.mx\/index.php\/wp-json\/wp\/v2\/media?parent=4046"}],"wp:term":[{"taxonomy":"product_brand","embeddable":true,"href":"https:\/\/doitall.com.mx\/index.php\/wp-json\/wp\/v2\/product_brand?post=4046"},{"taxonomy":"product_cat","embeddable":true,"href":"https:\/\/doitall.com.mx\/index.php\/wp-json\/wp\/v2\/product_cat?post=4046"},{"taxonomy":"product_tag","embeddable":true,"href":"https:\/\/doitall.com.mx\/index.php\/wp-json\/wp\/v2\/product_tag?post=4046"}],"curies":[{"name":"wp","href":"https:\/\/api.w.org\/{rel}","templated":true}]}}