{"id":3999,"date":"2024-06-01T17:12:30","date_gmt":"2024-06-01T17:12:30","guid":{"rendered":"https:\/\/doitall.com.mx\/?post_type=product&#038;p=3999"},"modified":"2024-06-01T17:12:43","modified_gmt":"2024-06-01T17:12:43","slug":"rio-secreto-clasico-2","status":"publish","type":"product","link":"https:\/\/doitall.com.mx\/index.php\/product\/rio-secreto-clasico-2\/","title":{"rendered":"R\u00edo Secreto Clasico"},"content":{"rendered":"<p><strong>R\u00edo Secreto Clasico<\/strong><br \/>\n*ESPA\u00d1OL*<br \/>\nUn r\u00edo subterr\u00e1neo de extraordinaria belleza natural. R\u00edo Secreto es un viaje a trav\u00e9s de un museo de cristal, cuyas formaciones relatan la historia geol\u00f3gica de la tierra, y sin duda una experiencia transformadora de vida.<\/p>\n<p>*Incluye:* Acceso a la Reserva Natural, Grupos max. 10 personas, gu\u00eda especializado, lockers, traje de neopreno, chaleco salvavidas, casco con l\u00e1mpara, toallas, buffet de alimentos, bebidas no alcoh\u00f3licas.<\/p>\n<p>*Duraci\u00f3n:* Aprox. 3 horas y media.<\/p>\n<p>&nbsp;<\/p>\n<p>*ENGLISH*<br \/>\nCome with us on a magical journey through the cristal museum that is R\u00edo Secreto, where the history of our planet is written on the myriad geological formations, and where floating in its crystal clear fresh water your life will change forever.<\/p>\n<p>*Included:* Access to the Nature Reserve, groups of 10 people max., specialized guide, lockers, wetsuit, life jacket, helmet with lamp, towels, regional buffet, non-alcoholic drinks.<\/p>\n<p>*Duration:* Approx. 3 and a half hours.<br \/>\nhttps:\/\/www.instagram.com\/doitall.tours.travel<\/p>\n","protected":false},"excerpt":{"rendered":"<p><strong>R\u00edo Secreto Clasico<\/strong><br \/>\n*ESPA\u00d1OL*<br \/>\nUn r\u00edo subterr\u00e1neo de extraordinaria belleza natural. R\u00edo Secreto es un viaje a trav\u00e9s de un museo de cristal, cuyas formaciones relatan la historia geol\u00f3gica de la tierra, y sin duda una experiencia transformadora de vida.<\/p>\n<p>*Incluye:* Acceso a la Reserva Natural, Grupos max. 10 personas, gu\u00eda especializado, lockers, traje de neopreno, chaleco salvavidas, casco con l\u00e1mpara, toallas, buffet de alimentos, bebidas no alcoh\u00f3licas.<\/p>\n<p>*Duraci\u00f3n:* Aprox. 3 horas y media.<\/p>\n","protected":false},"featured_media":4000,"comment_status":"open","ping_status":"closed","template":"","meta":{"_eb_attr":"","site-sidebar-layout":"default","site-content-layout":"","ast-site-content-layout":"default","site-content-style":"default","site-sidebar-style":"default","ast-global-header-display":"","ast-banner-title-visibility":"","ast-main-header-display":"","ast-hfb-above-header-display":"","ast-hfb-below-header-display":"","ast-hfb-mobile-header-display":"","site-post-title":"","ast-breadcrumbs-content":"","ast-featured-img":"","footer-sml-layout":"","ast-disable-related-posts":"","theme-transparent-header-meta":"default","adv-header-id-meta":"","stick-header-meta":"","header-above-stick-meta":"","header-main-stick-meta":"","header-below-stick-meta":"","astra-migrate-meta-layouts":"set","ast-page-background-enabled":"default","ast-page-background-meta":{"desktop":{"background-color":"var(--ast-global-color-4)","background-image":"","background-repeat":"repeat","background-position":"center center","background-size":"auto","background-attachment":"scroll","background-type":"","background-media":"","overlay-type":"","overlay-color":"","overlay-opacity":"","overlay-gradient":""},"tablet":{"background-color":"","background-image":"","background-repeat":"repeat","background-position":"center center","background-size":"auto","background-attachment":"scroll","background-type":"","background-media":"","overlay-type":"","overlay-color":"","overlay-opacity":"","overlay-gradient":""},"mobile":{"background-color":"","background-image":"","background-repeat":"repeat","background-position":"center center","background-size":"auto","background-attachment":"scroll","background-type":"","background-media":"","overlay-type":"","overlay-color":"","overlay-opacity":"","overlay-gradient":""}},"ast-content-background-meta":{"desktop":{"background-color":"var(--ast-global-color-5)","background-image":"","background-repeat":"repeat","background-position":"center center","background-size":"auto","background-attachment":"scroll","background-type":"","background-media":"","overlay-type":"","overlay-color":"","overlay-opacity":"","overlay-gradient":""},"tablet":{"background-color":"var(--ast-global-color-5)","background-image":"","background-repeat":"repeat","background-position":"center center","background-size":"auto","background-attachment":"scroll","background-type":"","background-media":"","overlay-type":"","overlay-color":"","overlay-opacity":"","overlay-gradient":""},"mobile":{"background-color":"var(--ast-global-color-5)","background-image":"","background-repeat":"repeat","background-position":"center center","background-size":"auto","background-attachment":"scroll","background-type":"","background-media":"","overlay-type":"","overlay-color":"","overlay-opacity":"","overlay-gradient":""}}},"product_brand":[],"product_cat":[18],"product_tag":[],"class_list":{"0":"post-3999","1":"product","2":"type-product","3":"status-publish","4":"has-post-thumbnail","6":"product_cat-aqwuatics","7":"desktop-align-left","8":"tablet-align-left","9":"mobile-align-left","11":"first","12":"instock","13":"shipping-taxable","14":"product-type-simple"},"_links":{"self":[{"href":"https:\/\/doitall.com.mx\/index.php\/wp-json\/wp\/v2\/product\/3999","targetHints":{"allow":["GET"]}}],"collection":[{"href":"https:\/\/doitall.com.mx\/index.php\/wp-json\/wp\/v2\/product"}],"about":[{"href":"https:\/\/doitall.com.mx\/index.php\/wp-json\/wp\/v2\/types\/product"}],"replies":[{"embeddable":true,"href":"https:\/\/doitall.com.mx\/index.php\/wp-json\/wp\/v2\/comments?post=3999"}],"wp:featuredmedia":[{"embeddable":true,"href":"https:\/\/doitall.com.mx\/index.php\/wp-json\/wp\/v2\/media\/4000"}],"wp:attachment":[{"href":"https:\/\/doitall.com.mx\/index.php\/wp-json\/wp\/v2\/media?parent=3999"}],"wp:term":[{"taxonomy":"product_brand","embeddable":true,"href":"https:\/\/doitall.com.mx\/index.php\/wp-json\/wp\/v2\/product_brand?post=3999"},{"taxonomy":"product_cat","embeddable":true,"href":"https:\/\/doitall.com.mx\/index.php\/wp-json\/wp\/v2\/product_cat?post=3999"},{"taxonomy":"product_tag","embeddable":true,"href":"https:\/\/doitall.com.mx\/index.php\/wp-json\/wp\/v2\/product_tag?post=3999"}],"curies":[{"name":"wp","href":"https:\/\/api.w.org\/{rel}","templated":true}]}}