{"id":3992,"date":"2024-06-01T17:06:04","date_gmt":"2024-06-01T17:06:04","guid":{"rendered":"https:\/\/doitall.com.mx\/?post_type=product&#038;p=3992"},"modified":"2024-06-01T17:06:29","modified_gmt":"2024-06-01T17:06:29","slug":"rio-secreto-plus-2","status":"publish","type":"product","link":"https:\/\/doitall.com.mx\/index.php\/product\/rio-secreto-plus-2\/","title":{"rendered":"R\u00edo Secreto Plus"},"content":{"rendered":"<p><strong>R\u00edo Secreto Plus<\/strong><br \/>\n*ESPA\u00d1OL*<br \/>\nUna experiencia \u00fanica de conexi\u00f3n y aventura con la Naturaleza. Vivir\u00e1s un viaje a las entra\u00f1as de la Tierra donde encontrar\u00e1s impresionantes formaciones geol\u00f3gicas. La experiencia se complementa con actividades en rappel y bicicleta donde podr\u00e1s disfrutar senderos en la selva, as\u00ed como recorrer nuestra Ruta Seca y al llegar al Sal\u00f3n de la Paz<\/p>\n<p>*Incluye:* Experiencia tradicional R\u00edo Secreto m\u00e1s rappel, bicicleta, entrada a Ruta Seca y Sal\u00f3n de la Paz, gu\u00eda especializado, lockers, traje de neopreno, chaleco salvavidas, casco con l\u00e1mpara, toallas, buffet de alimentos, bebidas no alcoh\u00f3licas.<\/p>\n<p>*Duraci\u00f3n:* Aprox. De 5 horas y media a 6 horas.<\/p>\n<p>&nbsp;<\/p>\n<p>*ENGLISH*<br \/>\nEnjoy all that Rio Secreto offers plus a visit to the Salon de la Paz (Room of Peace) where you will enjoy an interactive experience that will take you back in time.<\/p>\n<p>*Included:* Access to the Natural Reserve. Groups of 10 people (max) per guide. Specialized guide. Lockers. Neoprene suit (wetsuit) and life jacket. Safety helmet with lamp. Towels Regional buffet with Fresh waters. The activities included on this tour: Rio Secreto Regular Tour + Rappel + bike + Salon de la Paz Experience<\/p>\n<p>*Duration:* Approx. 5 and a half to 6 hours.<br \/>\nhttps:\/\/www.instagram.com\/doitall.tours.travel<\/p>\n","protected":false},"excerpt":{"rendered":"<p><strong>R\u00edo Secreto Plus<\/strong><br \/>\n*ESPA\u00d1OL*<br \/>\nUna experiencia \u00fanica de conexi\u00f3n y aventura con la Naturaleza. Vivir\u00e1s un viaje a las entra\u00f1as de la Tierra donde encontrar\u00e1s impresionantes formaciones geol\u00f3gicas. La experiencia se complementa con actividades en rappel y bicicleta donde podr\u00e1s disfrutar senderos en la selva, as\u00ed como recorrer nuestra Ruta Seca y al llegar al Sal\u00f3n de la Paz<\/p>\n<p>*Incluye:* Experiencia tradicional R\u00edo Secreto m\u00e1s rappel, bicicleta, entrada a Ruta Seca y Sal\u00f3n de la Paz, gu\u00eda especializado, lockers, traje de neopreno, chaleco salvavidas, casco con l\u00e1mpara, toallas, buffet de alimentos, bebidas no alcoh\u00f3licas.<\/p>\n<p>*Duraci\u00f3n:* Aprox. De 5 horas y media a 6 horas.<\/p>\n","protected":false},"featured_media":3993,"comment_status":"open","ping_status":"closed","template":"","meta":{"_eb_attr":"","site-sidebar-layout":"default","site-content-layout":"","ast-site-content-layout":"default","site-content-style":"default","site-sidebar-style":"default","ast-global-header-display":"","ast-banner-title-visibility":"","ast-main-header-display":"","ast-hfb-above-header-display":"","ast-hfb-below-header-display":"","ast-hfb-mobile-header-display":"","site-post-title":"","ast-breadcrumbs-content":"","ast-featured-img":"","footer-sml-layout":"","ast-disable-related-posts":"","theme-transparent-header-meta":"default","adv-header-id-meta":"","stick-header-meta":"","header-above-stick-meta":"","header-main-stick-meta":"","header-below-stick-meta":"","astra-migrate-meta-layouts":"set","ast-page-background-enabled":"default","ast-page-background-meta":{"desktop":{"background-color":"var(--ast-global-color-4)","background-image":"","background-repeat":"repeat","background-position":"center center","background-size":"auto","background-attachment":"scroll","background-type":"","background-media":"","overlay-type":"","overlay-color":"","overlay-opacity":"","overlay-gradient":""},"tablet":{"background-color":"","background-image":"","background-repeat":"repeat","background-position":"center center","background-size":"auto","background-attachment":"scroll","background-type":"","background-media":"","overlay-type":"","overlay-color":"","overlay-opacity":"","overlay-gradient":""},"mobile":{"background-color":"","background-image":"","background-repeat":"repeat","background-position":"center center","background-size":"auto","background-attachment":"scroll","background-type":"","background-media":"","overlay-type":"","overlay-color":"","overlay-opacity":"","overlay-gradient":""}},"ast-content-background-meta":{"desktop":{"background-color":"var(--ast-global-color-5)","background-image":"","background-repeat":"repeat","background-position":"center center","background-size":"auto","background-attachment":"scroll","background-type":"","background-media":"","overlay-type":"","overlay-color":"","overlay-opacity":"","overlay-gradient":""},"tablet":{"background-color":"var(--ast-global-color-5)","background-image":"","background-repeat":"repeat","background-position":"center center","background-size":"auto","background-attachment":"scroll","background-type":"","background-media":"","overlay-type":"","overlay-color":"","overlay-opacity":"","overlay-gradient":""},"mobile":{"background-color":"var(--ast-global-color-5)","background-image":"","background-repeat":"repeat","background-position":"center center","background-size":"auto","background-attachment":"scroll","background-type":"","background-media":"","overlay-type":"","overlay-color":"","overlay-opacity":"","overlay-gradient":""}}},"product_brand":[],"product_cat":[18],"product_tag":[],"class_list":{"0":"post-3992","1":"product","2":"type-product","3":"status-publish","4":"has-post-thumbnail","6":"product_cat-aqwuatics","7":"desktop-align-left","8":"tablet-align-left","9":"mobile-align-left","11":"first","12":"instock","13":"shipping-taxable","14":"product-type-simple"},"_links":{"self":[{"href":"https:\/\/doitall.com.mx\/index.php\/wp-json\/wp\/v2\/product\/3992","targetHints":{"allow":["GET"]}}],"collection":[{"href":"https:\/\/doitall.com.mx\/index.php\/wp-json\/wp\/v2\/product"}],"about":[{"href":"https:\/\/doitall.com.mx\/index.php\/wp-json\/wp\/v2\/types\/product"}],"replies":[{"embeddable":true,"href":"https:\/\/doitall.com.mx\/index.php\/wp-json\/wp\/v2\/comments?post=3992"}],"wp:featuredmedia":[{"embeddable":true,"href":"https:\/\/doitall.com.mx\/index.php\/wp-json\/wp\/v2\/media\/3993"}],"wp:attachment":[{"href":"https:\/\/doitall.com.mx\/index.php\/wp-json\/wp\/v2\/media?parent=3992"}],"wp:term":[{"taxonomy":"product_brand","embeddable":true,"href":"https:\/\/doitall.com.mx\/index.php\/wp-json\/wp\/v2\/product_brand?post=3992"},{"taxonomy":"product_cat","embeddable":true,"href":"https:\/\/doitall.com.mx\/index.php\/wp-json\/wp\/v2\/product_cat?post=3992"},{"taxonomy":"product_tag","embeddable":true,"href":"https:\/\/doitall.com.mx\/index.php\/wp-json\/wp\/v2\/product_tag?post=3992"}],"curies":[{"name":"wp","href":"https:\/\/api.w.org\/{rel}","templated":true}]}}