{"id":3971,"date":"2024-06-01T16:47:00","date_gmt":"2024-06-01T16:47:00","guid":{"rendered":"https:\/\/doitall.com.mx\/?post_type=product&#038;p=3971"},"modified":"2024-06-01T16:47:13","modified_gmt":"2024-06-01T16:47:13","slug":"rio-secreto-privilege","status":"publish","type":"product","link":"https:\/\/doitall.com.mx\/index.php\/product\/rio-secreto-privilege\/","title":{"rendered":"R\u00edo Secreto Privilege"},"content":{"rendered":"<p><em><strong>R\u00edo Secreto Privilege<\/strong><\/em><br \/>\n<em><strong>*ESPA\u00d1OL*<\/strong><\/em><br \/>\nM\u00e1s all\u00e1 de la impresionante belleza natural y espl\u00e9ndida est\u00e9tica, Privilege es una experiencia para cada uno de nuestros sentidos. Es un recuerdo de vida, una vivencia \u00fanica e inolvidable. Muy pocos seres humanos caminan en la luna o escalan el Everest\u2026 muy pocos tambi\u00e9n exploran Privilege.<\/p>\n<p>*Incluye:* Acceso a la Reserva Natural, gu\u00eda especializado, fot\u00f3grafo personal, casco de seguridad con l\u00e1mpara, chaleco salvavidas, bebidas y aperitivo durante el recorrido.<\/p>\n<p>*Duraci\u00f3n:* Privilege es un viaje hecho a la medida. El visitante junto con el gu\u00eda decidir\u00e1n el grado de dificultad y horas que querr\u00e1n pasar en este tour.<\/p>\n<p>&nbsp;<\/p>\n<p><em><strong>*ENGLISH*<\/strong><\/em><br \/>\nEven more than breathtaking natural beauty and superb aesthetics, Privilege is an experience for every one of our senses. It is a lifetime memory, a unique and unforgettable experience. Very few humans walk on the moon or climb Everest\u2026 and also very few explore Privilege.<\/p>\n<p>*Includes:* Entrance to the Natural Reserve, expert guide, personal photographer, safety helmet with headlight, life vest, beverages and snacks during the tour.<\/p>\n<p>*Duration:* Privilege is a custom-made journey. The guide and visitor decide together on the degree of difficulty and hours you want to spend in this tour.<br \/>\nhttps:\/\/www.instagram.com\/doitall.tours.travel<\/p>\n","protected":false},"excerpt":{"rendered":"<p><em><strong>R\u00edo Secreto Privilege<\/strong><\/em><br \/>\n<em><strong>*ESPA\u00d1OL*<\/strong><\/em><br \/>\nM\u00e1s all\u00e1 de la impresionante belleza natural y espl\u00e9ndida est\u00e9tica, Privilege es una experiencia para cada uno de nuestros sentidos. Es un recuerdo de vida, una vivencia \u00fanica e inolvidable. Muy pocos seres humanos caminan en la luna o escalan el Everest\u2026 muy pocos tambi\u00e9n exploran Privilege.<\/p>\n<p>*Incluye:* Acceso a la Reserva Natural, gu\u00eda especializado, fot\u00f3grafo personal, casco de seguridad con l\u00e1mpara, chaleco salvavidas, bebidas y aperitivo durante el recorrido.<\/p>\n<p>*Duraci\u00f3n:* Privilege es un viaje hecho a la medida. El visitante junto con el gu\u00eda decidir\u00e1n el grado de dificultad y horas que querr\u00e1n pasar en este tour.<\/p>\n","protected":false},"featured_media":3972,"comment_status":"open","ping_status":"closed","template":"","meta":{"_eb_attr":"","site-sidebar-layout":"default","site-content-layout":"","ast-site-content-layout":"default","site-content-style":"default","site-sidebar-style":"default","ast-global-header-display":"","ast-banner-title-visibility":"","ast-main-header-display":"","ast-hfb-above-header-display":"","ast-hfb-below-header-display":"","ast-hfb-mobile-header-display":"","site-post-title":"","ast-breadcrumbs-content":"","ast-featured-img":"","footer-sml-layout":"","ast-disable-related-posts":"","theme-transparent-header-meta":"default","adv-header-id-meta":"","stick-header-meta":"","header-above-stick-meta":"","header-main-stick-meta":"","header-below-stick-meta":"","astra-migrate-meta-layouts":"set","ast-page-background-enabled":"default","ast-page-background-meta":{"desktop":{"background-color":"var(--ast-global-color-4)","background-image":"","background-repeat":"repeat","background-position":"center center","background-size":"auto","background-attachment":"scroll","background-type":"","background-media":"","overlay-type":"","overlay-color":"","overlay-opacity":"","overlay-gradient":""},"tablet":{"background-color":"","background-image":"","background-repeat":"repeat","background-position":"center center","background-size":"auto","background-attachment":"scroll","background-type":"","background-media":"","overlay-type":"","overlay-color":"","overlay-opacity":"","overlay-gradient":""},"mobile":{"background-color":"","background-image":"","background-repeat":"repeat","background-position":"center center","background-size":"auto","background-attachment":"scroll","background-type":"","background-media":"","overlay-type":"","overlay-color":"","overlay-opacity":"","overlay-gradient":""}},"ast-content-background-meta":{"desktop":{"background-color":"var(--ast-global-color-5)","background-image":"","background-repeat":"repeat","background-position":"center center","background-size":"auto","background-attachment":"scroll","background-type":"","background-media":"","overlay-type":"","overlay-color":"","overlay-opacity":"","overlay-gradient":""},"tablet":{"background-color":"var(--ast-global-color-5)","background-image":"","background-repeat":"repeat","background-position":"center center","background-size":"auto","background-attachment":"scroll","background-type":"","background-media":"","overlay-type":"","overlay-color":"","overlay-opacity":"","overlay-gradient":""},"mobile":{"background-color":"var(--ast-global-color-5)","background-image":"","background-repeat":"repeat","background-position":"center center","background-size":"auto","background-attachment":"scroll","background-type":"","background-media":"","overlay-type":"","overlay-color":"","overlay-opacity":"","overlay-gradient":""}}},"product_brand":[],"product_cat":[18],"product_tag":[],"class_list":{"0":"post-3971","1":"product","2":"type-product","3":"status-publish","4":"has-post-thumbnail","6":"product_cat-aqwuatics","7":"desktop-align-left","8":"tablet-align-left","9":"mobile-align-left","11":"first","12":"instock","13":"shipping-taxable","14":"product-type-simple"},"_links":{"self":[{"href":"https:\/\/doitall.com.mx\/index.php\/wp-json\/wp\/v2\/product\/3971","targetHints":{"allow":["GET"]}}],"collection":[{"href":"https:\/\/doitall.com.mx\/index.php\/wp-json\/wp\/v2\/product"}],"about":[{"href":"https:\/\/doitall.com.mx\/index.php\/wp-json\/wp\/v2\/types\/product"}],"replies":[{"embeddable":true,"href":"https:\/\/doitall.com.mx\/index.php\/wp-json\/wp\/v2\/comments?post=3971"}],"wp:featuredmedia":[{"embeddable":true,"href":"https:\/\/doitall.com.mx\/index.php\/wp-json\/wp\/v2\/media\/3972"}],"wp:attachment":[{"href":"https:\/\/doitall.com.mx\/index.php\/wp-json\/wp\/v2\/media?parent=3971"}],"wp:term":[{"taxonomy":"product_brand","embeddable":true,"href":"https:\/\/doitall.com.mx\/index.php\/wp-json\/wp\/v2\/product_brand?post=3971"},{"taxonomy":"product_cat","embeddable":true,"href":"https:\/\/doitall.com.mx\/index.php\/wp-json\/wp\/v2\/product_cat?post=3971"},{"taxonomy":"product_tag","embeddable":true,"href":"https:\/\/doitall.com.mx\/index.php\/wp-json\/wp\/v2\/product_tag?post=3971"}],"curies":[{"name":"wp","href":"https:\/\/api.w.org\/{rel}","templated":true}]}}