{"id":3962,"date":"2024-06-01T16:39:40","date_gmt":"2024-06-01T16:39:40","guid":{"rendered":"https:\/\/doitall.com.mx\/?post_type=product&#038;p=3962"},"modified":"2024-06-01T16:39:53","modified_gmt":"2024-06-01T16:39:53","slug":"sunsation","status":"publish","type":"product","link":"https:\/\/doitall.com.mx\/index.php\/product\/sunsation\/","title":{"rendered":"SUNSATION"},"content":{"rendered":"<p><strong>SUNSATION<\/strong><br \/>\n*Disfruta* de un d\u00eda espectacular en las aguas cristalinas del caribe mexicano<br \/>\n*Navega* desde Canc\u00fan al pueblo m\u00e1gico de isla mujeres en un catamar\u00e1n lleno de *Diversi\u00f3n* solo para *Adultos* y continua la *Fiesta* en nuestro exclusivo club de playa.<br \/>\n*Edad m\u00ednima 18 a\u00f1os*<br \/>\n*Salida de 1 a 7 pm*<\/p>\n<p>*INCLUYE*<br \/>\n\u2705 Navegaci\u00f3n en catamar\u00e1n de lujo<br \/>\n\u2705 Barra libre abordo y en el club de playa<br \/>\n\u2705 Buffet en el club de playa<br \/>\n\u2705 DJ en vivo en el club de playa<br \/>\n\u2705 Animaci\u00f3n abordo y en club de playa<br \/>\n\u2705 \u00c1rea privada para la fiesta solo para adultos en el club de playa<br \/>\n\u2705 Nado en blanquizal<br \/>\n\u2705 Snorkel<\/p>\n<p>&nbsp;<\/p>\n<p>*Enjoy* a spectacular day in the crystal clear waters of the Mexican Caribbean<br \/>\n*Sail* \u200b\u200bfrom Cancun to the magical town of Isla Mujeres on a catamaran full of *Fun* only for *Adults* and continue the *Party* at our exclusive beach club.<br \/>\n*Minimum Age 18 Years*<br \/>\n*Departure from 1 to 7 pm*<\/p>\n<p>*INCLUDES*<br \/>\n\u2705 Luxury catamaran sailing<br \/>\n\u2705 Open bar on board and at the beach club<br \/>\n\u2705 Buffet at the beach club<br \/>\n\u2705 Live DJ at the beach club<br \/>\n\u2705 Entertainment on board and in the<br \/>\nbeach club<br \/>\n\u2705 Adults-only Private party area at the<br \/>\nbeach club<br \/>\n\u2705 Swim in The ocean<br \/>\n\u2705 Snorkel<\/p>\n<div class=\"ast-oembed-container \" style=\"height: 100%;\"><iframe title=\"\ud83c\udfb5\ud835\udde6\ud835\udde8\ud835\udde1\ud835\udde6\ud835\uddd4\ud835\udde7\ud835\udddc\ud835\udde2\ud835\udde1\ud83c\udfb5\/ CATAMARAN\ud83e\udd3f \ud83d\udc59 Solo Adultos\ud83e\udd42\ud83c\udf7b\" width=\"500\" height=\"281\" src=\"https:\/\/www.youtube.com\/embed\/TCsS3lLT1Y4?feature=oembed\" frameborder=\"0\" allow=\"accelerometer; autoplay; clipboard-write; encrypted-media; gyroscope; picture-in-picture; web-share\" referrerpolicy=\"strict-origin-when-cross-origin\" allowfullscreen><\/iframe><\/div>\n","protected":false},"excerpt":{"rendered":"<p><strong>SUNSATION<\/strong><br \/>\n*Disfruta* de un d\u00eda espectacular en las aguas cristalinas del caribe mexicano<br \/>\n*Navega* desde Canc\u00fan al pueblo m\u00e1gico de isla mujeres en un catamar\u00e1n lleno de *Diversi\u00f3n* solo para *Adultos* y continua la *Fiesta* en nuestro exclusivo club de playa.<br \/>\n*Edad m\u00ednima 18 a\u00f1os*<br \/>\n*Salida de 1 a 7 pm*<\/p>\n<p>*INCLUYE*<br \/>\n\u2705 Navegaci\u00f3n en catamar\u00e1n de lujo<br \/>\n\u2705 Barra libre abordo y en el club de playa<br \/>\n\u2705 Buffet en el club de playa<br \/>\n\u2705 DJ en vivo en el club de playa<br \/>\n\u2705 Animaci\u00f3n abordo y en club de playa<br \/>\n\u2705 \u00c1rea privada para la fiesta solo para adultos en el club de playa<br \/>\n\u2705 Nado en blanquizal<br \/>\n\u2705 Snorkel<\/p>\n","protected":false},"featured_media":3963,"comment_status":"open","ping_status":"closed","template":"","meta":{"_eb_attr":"","site-sidebar-layout":"default","site-content-layout":"","ast-site-content-layout":"default","site-content-style":"default","site-sidebar-style":"default","ast-global-header-display":"","ast-banner-title-visibility":"","ast-main-header-display":"","ast-hfb-above-header-display":"","ast-hfb-below-header-display":"","ast-hfb-mobile-header-display":"","site-post-title":"","ast-breadcrumbs-content":"","ast-featured-img":"","footer-sml-layout":"","ast-disable-related-posts":"","theme-transparent-header-meta":"default","adv-header-id-meta":"","stick-header-meta":"","header-above-stick-meta":"","header-main-stick-meta":"","header-below-stick-meta":"","astra-migrate-meta-layouts":"set","ast-page-background-enabled":"default","ast-page-background-meta":{"desktop":{"background-color":"var(--ast-global-color-4)","background-image":"","background-repeat":"repeat","background-position":"center center","background-size":"auto","background-attachment":"scroll","background-type":"","background-media":"","overlay-type":"","overlay-color":"","overlay-opacity":"","overlay-gradient":""},"tablet":{"background-color":"","background-image":"","background-repeat":"repeat","background-position":"center center","background-size":"auto","background-attachment":"scroll","background-type":"","background-media":"","overlay-type":"","overlay-color":"","overlay-opacity":"","overlay-gradient":""},"mobile":{"background-color":"","background-image":"","background-repeat":"repeat","background-position":"center center","background-size":"auto","background-attachment":"scroll","background-type":"","background-media":"","overlay-type":"","overlay-color":"","overlay-opacity":"","overlay-gradient":""}},"ast-content-background-meta":{"desktop":{"background-color":"var(--ast-global-color-5)","background-image":"","background-repeat":"repeat","background-position":"center center","background-size":"auto","background-attachment":"scroll","background-type":"","background-media":"","overlay-type":"","overlay-color":"","overlay-opacity":"","overlay-gradient":""},"tablet":{"background-color":"var(--ast-global-color-5)","background-image":"","background-repeat":"repeat","background-position":"center center","background-size":"auto","background-attachment":"scroll","background-type":"","background-media":"","overlay-type":"","overlay-color":"","overlay-opacity":"","overlay-gradient":""},"mobile":{"background-color":"var(--ast-global-color-5)","background-image":"","background-repeat":"repeat","background-position":"center center","background-size":"auto","background-attachment":"scroll","background-type":"","background-media":"","overlay-type":"","overlay-color":"","overlay-opacity":"","overlay-gradient":""}}},"product_brand":[],"product_cat":[18],"product_tag":[],"class_list":{"0":"post-3962","1":"product","2":"type-product","3":"status-publish","4":"has-post-thumbnail","6":"product_cat-aqwuatics","7":"desktop-align-left","8":"tablet-align-left","9":"mobile-align-left","11":"first","12":"instock","13":"shipping-taxable","14":"product-type-simple"},"_links":{"self":[{"href":"https:\/\/doitall.com.mx\/index.php\/wp-json\/wp\/v2\/product\/3962","targetHints":{"allow":["GET"]}}],"collection":[{"href":"https:\/\/doitall.com.mx\/index.php\/wp-json\/wp\/v2\/product"}],"about":[{"href":"https:\/\/doitall.com.mx\/index.php\/wp-json\/wp\/v2\/types\/product"}],"replies":[{"embeddable":true,"href":"https:\/\/doitall.com.mx\/index.php\/wp-json\/wp\/v2\/comments?post=3962"}],"wp:featuredmedia":[{"embeddable":true,"href":"https:\/\/doitall.com.mx\/index.php\/wp-json\/wp\/v2\/media\/3963"}],"wp:attachment":[{"href":"https:\/\/doitall.com.mx\/index.php\/wp-json\/wp\/v2\/media?parent=3962"}],"wp:term":[{"taxonomy":"product_brand","embeddable":true,"href":"https:\/\/doitall.com.mx\/index.php\/wp-json\/wp\/v2\/product_brand?post=3962"},{"taxonomy":"product_cat","embeddable":true,"href":"https:\/\/doitall.com.mx\/index.php\/wp-json\/wp\/v2\/product_cat?post=3962"},{"taxonomy":"product_tag","embeddable":true,"href":"https:\/\/doitall.com.mx\/index.php\/wp-json\/wp\/v2\/product_tag?post=3962"}],"curies":[{"name":"wp","href":"https:\/\/api.w.org\/{rel}","templated":true}]}}