{"id":3861,"date":"2024-05-30T20:17:42","date_gmt":"2024-05-30T20:17:42","guid":{"rendered":"https:\/\/doitall.com.mx\/?post_type=product&#038;p=3861"},"modified":"2024-05-30T20:17:56","modified_gmt":"2024-05-30T20:17:56","slug":"la-vaquita-cancun","status":"publish","type":"product","link":"https:\/\/doitall.com.mx\/index.php\/product\/la-vaquita-cancun\/","title":{"rendered":"LA VAQUITA CANCUN"},"content":{"rendered":"<p><strong>LA VAQUITA CANCUN<\/strong><br \/>\nMXN\u00a01,000.00<br \/>\nHorario de apertura: Todos los d\u00edas<br \/>\nDe 8:30 PM hasta las 3:00 AM.<br \/>\nM\u00fasica: La Vaquita toca hip hop, R&amp;B, \u00e9xitos actuales y algunos sets de reguet\u00f3n.<br \/>\nC\u00f3digo de vestimenta: Elegante informal, v\u00edstete para impresionar.<\/p>\n<p>Prep\u00e1rate para vivir una noche inolvidable en La Vaquita, el club nocturno m\u00e1s popular en la zona hotelera de Canc\u00fan. Baila al ritmo del hip hop, R&amp;B, los \u00e9xitos del momento y disfruta de incre\u00edbles sets de reggaeton. La Vaquita garantiza un ambiente lleno de energ\u00eda, vibraciones electrizantes y diversi\u00f3n sin parar. No te pierdas este club legendario donde se crean recuerdos. \u00a1\u00danete a la fiesta en La Vaquita y disfruta al m\u00e1ximo!<\/p>\n<p>*Mesas y Servicio De Botellas*<\/p>\n<p>&#8211; *Green*<br \/>\nPrecio $2,400 mx (3 Pax)<\/p>\n<p>&#8211; *Bronze*<br \/>\nPrecio $3,200 mx (4 Pax)<\/p>\n<p>&#8211; *Silver*<br \/>\nPrecio $4,800 mx (4 Pax)<\/p>\n<p>&#8211; *Gold*<br \/>\nPrecio $6,400 mx (4 Pax)<\/p>\n<p>*Entradas Personales*<\/p>\n<p>&#8211; *Golden Pass*<br \/>\n$60 Usd Reembolso 50 en consumo<\/p>\n<p>&#8211; *Pass*<br \/>\n$40 Usd Reembolso 30 en consumo<\/p>\n<p>&#8211; *Ladies Night 2&#215;1*<br \/>\n$20 Usd (Solo Entrada)<\/p>\n<p>&#8211; *Access*<br \/>\n$20 Usd (Solo Entrada)<\/p>\n<p>&#8211; *Residentes Cancun*<br \/>\n$600 mx Reembolsables en consumo<\/p>\n<p>EL CHECK-IN DEBE REALIZARSE ANTES DE LAS 22:30<\/p>\n<p>*RESERVA, OBTEN TU QR Y DISFRUTA*<\/p>\n","protected":false},"excerpt":{"rendered":"<p><strong>LA VAQUITA CANCUN<\/strong><br \/>\nMXN\u00a01,000.00<br \/>\nHorario de apertura: Todos los d\u00edas<br \/>\nDe 8:30 PM hasta las 3:00 AM.<br \/>\nM\u00fasica: La Vaquita toca hip hop, R&amp;B, \u00e9xitos actuales y algunos sets de reguet\u00f3n.<br \/>\nC\u00f3digo de vestimenta: Elegante informal, v\u00edstete para impresionar.<\/p>\n<p>Prep\u00e1rate para vivir una noche inolvidable en La Vaquita, el club nocturno m\u00e1s popular en la zona hotelera de Canc\u00fan. Baila al ritmo del hip hop, R&amp;B, los \u00e9xitos del momento y disfruta de incre\u00edbles sets de reggaeton. La Vaquita garantiza un ambiente lleno de energ\u00eda, vibraciones electrizantes y diversi\u00f3n sin parar. No te pierdas este club legendario donde se crean recuerdos. \u00a1\u00danete a la fiesta en La Vaquita y disfruta al m\u00e1ximo!<\/p>\n<p>&nbsp;<\/p>\n","protected":false},"featured_media":3862,"comment_status":"open","ping_status":"closed","template":"","meta":{"_eb_attr":"","site-sidebar-layout":"default","site-content-layout":"","ast-site-content-layout":"default","site-content-style":"default","site-sidebar-style":"default","ast-global-header-display":"","ast-banner-title-visibility":"","ast-main-header-display":"","ast-hfb-above-header-display":"","ast-hfb-below-header-display":"","ast-hfb-mobile-header-display":"","site-post-title":"","ast-breadcrumbs-content":"","ast-featured-img":"","footer-sml-layout":"","ast-disable-related-posts":"","theme-transparent-header-meta":"default","adv-header-id-meta":"","stick-header-meta":"","header-above-stick-meta":"","header-main-stick-meta":"","header-below-stick-meta":"","astra-migrate-meta-layouts":"set","ast-page-background-enabled":"default","ast-page-background-meta":{"desktop":{"background-color":"var(--ast-global-color-4)","background-image":"","background-repeat":"repeat","background-position":"center center","background-size":"auto","background-attachment":"scroll","background-type":"","background-media":"","overlay-type":"","overlay-color":"","overlay-opacity":"","overlay-gradient":""},"tablet":{"background-color":"","background-image":"","background-repeat":"repeat","background-position":"center center","background-size":"auto","background-attachment":"scroll","background-type":"","background-media":"","overlay-type":"","overlay-color":"","overlay-opacity":"","overlay-gradient":""},"mobile":{"background-color":"","background-image":"","background-repeat":"repeat","background-position":"center center","background-size":"auto","background-attachment":"scroll","background-type":"","background-media":"","overlay-type":"","overlay-color":"","overlay-opacity":"","overlay-gradient":""}},"ast-content-background-meta":{"desktop":{"background-color":"var(--ast-global-color-5)","background-image":"","background-repeat":"repeat","background-position":"center center","background-size":"auto","background-attachment":"scroll","background-type":"","background-media":"","overlay-type":"","overlay-color":"","overlay-opacity":"","overlay-gradient":""},"tablet":{"background-color":"var(--ast-global-color-5)","background-image":"","background-repeat":"repeat","background-position":"center center","background-size":"auto","background-attachment":"scroll","background-type":"","background-media":"","overlay-type":"","overlay-color":"","overlay-opacity":"","overlay-gradient":""},"mobile":{"background-color":"var(--ast-global-color-5)","background-image":"","background-repeat":"repeat","background-position":"center center","background-size":"auto","background-attachment":"scroll","background-type":"","background-media":"","overlay-type":"","overlay-color":"","overlay-opacity":"","overlay-gradient":""}}},"product_brand":[],"product_cat":[19],"product_tag":[],"class_list":{"0":"post-3861","1":"product","2":"type-product","3":"status-publish","4":"has-post-thumbnail","6":"product_cat-night-life","7":"desktop-align-left","8":"tablet-align-left","9":"mobile-align-left","11":"first","12":"instock","13":"shipping-taxable","14":"product-type-simple"},"_links":{"self":[{"href":"https:\/\/doitall.com.mx\/index.php\/wp-json\/wp\/v2\/product\/3861","targetHints":{"allow":["GET"]}}],"collection":[{"href":"https:\/\/doitall.com.mx\/index.php\/wp-json\/wp\/v2\/product"}],"about":[{"href":"https:\/\/doitall.com.mx\/index.php\/wp-json\/wp\/v2\/types\/product"}],"replies":[{"embeddable":true,"href":"https:\/\/doitall.com.mx\/index.php\/wp-json\/wp\/v2\/comments?post=3861"}],"wp:featuredmedia":[{"embeddable":true,"href":"https:\/\/doitall.com.mx\/index.php\/wp-json\/wp\/v2\/media\/3862"}],"wp:attachment":[{"href":"https:\/\/doitall.com.mx\/index.php\/wp-json\/wp\/v2\/media?parent=3861"}],"wp:term":[{"taxonomy":"product_brand","embeddable":true,"href":"https:\/\/doitall.com.mx\/index.php\/wp-json\/wp\/v2\/product_brand?post=3861"},{"taxonomy":"product_cat","embeddable":true,"href":"https:\/\/doitall.com.mx\/index.php\/wp-json\/wp\/v2\/product_cat?post=3861"},{"taxonomy":"product_tag","embeddable":true,"href":"https:\/\/doitall.com.mx\/index.php\/wp-json\/wp\/v2\/product_tag?post=3861"}],"curies":[{"name":"wp","href":"https:\/\/api.w.org\/{rel}","templated":true}]}}