{"id":3854,"date":"2024-05-29T17:16:02","date_gmt":"2024-05-29T17:16:02","guid":{"rendered":"https:\/\/doitall.com.mx\/?post_type=product&#038;p=3854"},"modified":"2024-05-29T17:16:31","modified_gmt":"2024-05-29T17:16:31","slug":"rakata-2","status":"publish","type":"product","link":"https:\/\/doitall.com.mx\/index.php\/product\/rakata-2\/","title":{"rendered":"RAKATA"},"content":{"rendered":"<p><em><strong>RAKATA<\/strong><\/em><br \/>\nMXN\u00a01,000.00<br \/>\nAbierto: Todos los s\u00e1bados<br \/>\nDe 10:00 p. m. &#8211; 3:00 a. m.<\/p>\n<p>M\u00fasica: Reggaet\u00f3n.<br \/>\nC\u00f3digo de vestimenta: Informal. \u00a1Vestirse para impresionar! No se permite usar gorras, sombreros, trajes de ba\u00f1o, sandalias, chanclas y camisetas de tirantes.<\/p>\n<p>\u00a1Prep\u00e1rate para vivir la m\u00e1xima experiencia de perreo en Rakata, el street club m\u00e1s caliente de la ciudad! Sum\u00e9rgete en la atm\u00f3sfera urbana y siente la energ\u00eda del aut\u00e9ntico reggaeton. En Rakata, el ritmo te envolver\u00e1 mientras te mueves al comp\u00e1s de los beats m\u00e1s pegajosos. Noches intensas, fiesta desenfrenada y el estilo \u00fanico del perreo te esperan en Rakata. \u00a1\u00danete a la revoluci\u00f3n del perreo y d\u00e9jate llevar por la pasi\u00f3n y el fuego del reggaeton!<\/p>\n<p>*Mesas y Servicio De Botellas*<\/p>\n<p>&#8211; *Bronze*<br \/>\nPrecio $4,000 mx (4 Pax)<\/p>\n<p>&#8211; *Silver*<br \/>\nPrecio $4,800 mx (4 Pax)<br \/>\nPax Extra $1,300 mx (M\u00e1ximo 2)<\/p>\n<p>&#8211; *Gold*<br \/>\nPrecio $7,000 mx (5 Pax)<\/p>\n<p>&#8211; *Stage*<br \/>\nPrecio $14,000 mx (5 Pax)<\/p>\n<p>&#8211; *Pr\u00edvate Diamond*<br \/>\nPrecio $18,000 mx (8 Pax)<\/p>\n<p>*Entradas Personales*<\/p>\n<p>&#8211; *Golden Pass*<br \/>\n$60 Usd Reembolso 50 en consumo<\/p>\n<p>&#8211; *Pass*<br \/>\n$40 Usd Reembolso 30 en consumo<\/p>\n<p>&#8211; *Access*<br \/>\n$20 Usd (Solo Entrada)<\/p>\n<p>&#8211; *Residentes Cancun*<br \/>\n$500 mx (Acceso + 10 Bebidas Nacionales<br \/>\n(Cocteler\u00eda Preparada con Ron, Vodka y Tequila)<\/p>\n<p>EL CHECK-IN DEBE REALIZARSE ANTES DE LAS 22:30<\/p>\n<p>*RESERVA, OBTEN TU QR Y DISFRUTA*<\/p>\n","protected":false},"excerpt":{"rendered":"<p><em><strong>RAKATA<\/strong><\/em><br \/>\nMXN\u00a01,000.00<br \/>\nAbierto: Todos los s\u00e1bados<br \/>\nDe 10:00 p. m. &#8211; 3:00 a. m.<\/p>\n<p>M\u00fasica: Reggaet\u00f3n.<br \/>\nC\u00f3digo de vestimenta: Informal. \u00a1Vestirse para impresionar! No se permite usar gorras, sombreros, trajes de ba\u00f1o, sandalias, chanclas y camisetas de tirantes.<\/p>\n","protected":false},"featured_media":3855,"comment_status":"open","ping_status":"closed","template":"","meta":{"_eb_attr":"","site-sidebar-layout":"default","site-content-layout":"","ast-site-content-layout":"default","site-content-style":"default","site-sidebar-style":"default","ast-global-header-display":"","ast-banner-title-visibility":"","ast-main-header-display":"","ast-hfb-above-header-display":"","ast-hfb-below-header-display":"","ast-hfb-mobile-header-display":"","site-post-title":"","ast-breadcrumbs-content":"","ast-featured-img":"","footer-sml-layout":"","ast-disable-related-posts":"","theme-transparent-header-meta":"default","adv-header-id-meta":"","stick-header-meta":"","header-above-stick-meta":"","header-main-stick-meta":"","header-below-stick-meta":"","astra-migrate-meta-layouts":"set","ast-page-background-enabled":"default","ast-page-background-meta":{"desktop":{"background-color":"var(--ast-global-color-4)","background-image":"","background-repeat":"repeat","background-position":"center center","background-size":"auto","background-attachment":"scroll","background-type":"","background-media":"","overlay-type":"","overlay-color":"","overlay-opacity":"","overlay-gradient":""},"tablet":{"background-color":"","background-image":"","background-repeat":"repeat","background-position":"center center","background-size":"auto","background-attachment":"scroll","background-type":"","background-media":"","overlay-type":"","overlay-color":"","overlay-opacity":"","overlay-gradient":""},"mobile":{"background-color":"","background-image":"","background-repeat":"repeat","background-position":"center center","background-size":"auto","background-attachment":"scroll","background-type":"","background-media":"","overlay-type":"","overlay-color":"","overlay-opacity":"","overlay-gradient":""}},"ast-content-background-meta":{"desktop":{"background-color":"var(--ast-global-color-5)","background-image":"","background-repeat":"repeat","background-position":"center center","background-size":"auto","background-attachment":"scroll","background-type":"","background-media":"","overlay-type":"","overlay-color":"","overlay-opacity":"","overlay-gradient":""},"tablet":{"background-color":"var(--ast-global-color-5)","background-image":"","background-repeat":"repeat","background-position":"center center","background-size":"auto","background-attachment":"scroll","background-type":"","background-media":"","overlay-type":"","overlay-color":"","overlay-opacity":"","overlay-gradient":""},"mobile":{"background-color":"var(--ast-global-color-5)","background-image":"","background-repeat":"repeat","background-position":"center center","background-size":"auto","background-attachment":"scroll","background-type":"","background-media":"","overlay-type":"","overlay-color":"","overlay-opacity":"","overlay-gradient":""}}},"product_brand":[],"product_cat":[19],"product_tag":[],"class_list":{"0":"post-3854","1":"product","2":"type-product","3":"status-publish","4":"has-post-thumbnail","6":"product_cat-night-life","7":"desktop-align-left","8":"tablet-align-left","9":"mobile-align-left","11":"first","12":"instock","13":"shipping-taxable","14":"product-type-simple"},"_links":{"self":[{"href":"https:\/\/doitall.com.mx\/index.php\/wp-json\/wp\/v2\/product\/3854","targetHints":{"allow":["GET"]}}],"collection":[{"href":"https:\/\/doitall.com.mx\/index.php\/wp-json\/wp\/v2\/product"}],"about":[{"href":"https:\/\/doitall.com.mx\/index.php\/wp-json\/wp\/v2\/types\/product"}],"replies":[{"embeddable":true,"href":"https:\/\/doitall.com.mx\/index.php\/wp-json\/wp\/v2\/comments?post=3854"}],"wp:featuredmedia":[{"embeddable":true,"href":"https:\/\/doitall.com.mx\/index.php\/wp-json\/wp\/v2\/media\/3855"}],"wp:attachment":[{"href":"https:\/\/doitall.com.mx\/index.php\/wp-json\/wp\/v2\/media?parent=3854"}],"wp:term":[{"taxonomy":"product_brand","embeddable":true,"href":"https:\/\/doitall.com.mx\/index.php\/wp-json\/wp\/v2\/product_brand?post=3854"},{"taxonomy":"product_cat","embeddable":true,"href":"https:\/\/doitall.com.mx\/index.php\/wp-json\/wp\/v2\/product_cat?post=3854"},{"taxonomy":"product_tag","embeddable":true,"href":"https:\/\/doitall.com.mx\/index.php\/wp-json\/wp\/v2\/product_tag?post=3854"}],"curies":[{"name":"wp","href":"https:\/\/api.w.org\/{rel}","templated":true}]}}