{"id":3813,"date":"2024-05-29T16:30:31","date_gmt":"2024-05-29T16:30:31","guid":{"rendered":"https:\/\/doitall.com.mx\/?post_type=product&#038;p=3813"},"modified":"2024-05-29T16:30:50","modified_gmt":"2024-05-29T16:30:50","slug":"rio-secreto-wild","status":"publish","type":"product","link":"https:\/\/doitall.com.mx\/index.php\/product\/rio-secreto-wild\/","title":{"rendered":"R\u00edo Secreto Wild"},"content":{"rendered":"<p><strong>*ESPA\u00d1OL*<\/strong><br \/>\n\u00a1Vive una aut\u00e9ntica expedici\u00f3n en la selva! R\u00edo Secreto Wild te llevar\u00e1 hasta el coraz\u00f3n de la Riviera Maya en una aventura que te permitir\u00e1 recorrer la jungla y una cueva en bicicleta, explorar una serie de enigm\u00e1ticas cavernas a pie, nadar y hacer snorkel en un cristalino r\u00edo subterr\u00e1neo. \u00a1Conoce el lado salvaje de la selva caribe\u00f1a en esta emocionante experiencia de R\u00edo Secreto!<\/p>\n<p>*Incluye:* Recorrido en bicicleta, exploraci\u00f3n guiada por el sistema de cavernas y r\u00edo subterr\u00e1neo, gu\u00eda experto, fot\u00f3grafo personal, uso de casco con l\u00e1mpara, traje completo de neopreno y zapatos especiales, snorkel, visor y chaleco salvavidas, desayuno, refrigerio, bebidas y comida buffet al final del recorrido.<\/p>\n<p>*Duraci\u00f3n:* Todo el d\u00eda<\/p>\n<p>&nbsp;<\/p>\n<p><strong>*ENGLISH*<\/strong><br \/>\nA truly unique and natural expedition, Rio Secreto Wild brings you deep into the heart of the Riviera Maya jungle to explore the natural beauty of ancient caves and immerse yourself in a magical underworld. This is our newest Cancun adventure and we\u2019re delighted to share this spectacular cave and cenote system with curious travelers, these are sites that have been hidden for hundreds of years, you can be one of the first to explore on bicycle, walking and snorkeling in the crystal-clear waters! This is a Cancun tour that will take your breath away!<\/p>\n<p>*Included:* Entrance to the cave system, expert guide, personal photographer, safety helmet with light, bicycle, wetsuit, snorkel, mask and life vest, breakfast, box lunch snack, beverages and an exquisite buffet at the end of the journey.<\/p>\n<p>*Duration:* All Day<br \/>\nhttps:\/\/www.instagram.com\/doitall.tours.travel<\/p>\n","protected":false},"excerpt":{"rendered":"<p><strong>*ESPA\u00d1OL*<\/strong><br \/>\n\u00a1Vive una aut\u00e9ntica expedici\u00f3n en la selva! R\u00edo Secreto Wild te llevar\u00e1 hasta el coraz\u00f3n de la Riviera Maya en una aventura que te permitir\u00e1 recorrer la jungla y una cueva en bicicleta, explorar una serie de enigm\u00e1ticas cavernas a pie, nadar y hacer snorkel en un cristalino r\u00edo subterr\u00e1neo. \u00a1Conoce el lado salvaje de la selva caribe\u00f1a en esta emocionante experiencia de R\u00edo Secreto!<\/p>\n<p>*Incluye:* Recorrido en bicicleta, exploraci\u00f3n guiada por el sistema de cavernas y r\u00edo subterr\u00e1neo, gu\u00eda experto, fot\u00f3grafo personal, uso de casco con l\u00e1mpara, traje completo de neopreno y zapatos especiales, snorkel, visor y chaleco salvavidas, desayuno, refrigerio, bebidas y comida buffet al final del recorrido.<\/p>\n<p>*Duraci\u00f3n:* Todo el d\u00eda<\/p>\n","protected":false},"featured_media":3814,"comment_status":"open","ping_status":"closed","template":"","meta":{"_eb_attr":"","site-sidebar-layout":"default","site-content-layout":"","ast-site-content-layout":"default","site-content-style":"default","site-sidebar-style":"default","ast-global-header-display":"","ast-banner-title-visibility":"","ast-main-header-display":"","ast-hfb-above-header-display":"","ast-hfb-below-header-display":"","ast-hfb-mobile-header-display":"","site-post-title":"","ast-breadcrumbs-content":"","ast-featured-img":"","footer-sml-layout":"","ast-disable-related-posts":"","theme-transparent-header-meta":"default","adv-header-id-meta":"","stick-header-meta":"","header-above-stick-meta":"","header-main-stick-meta":"","header-below-stick-meta":"","astra-migrate-meta-layouts":"set","ast-page-background-enabled":"default","ast-page-background-meta":{"desktop":{"background-color":"var(--ast-global-color-4)","background-image":"","background-repeat":"repeat","background-position":"center center","background-size":"auto","background-attachment":"scroll","background-type":"","background-media":"","overlay-type":"","overlay-color":"","overlay-opacity":"","overlay-gradient":""},"tablet":{"background-color":"","background-image":"","background-repeat":"repeat","background-position":"center center","background-size":"auto","background-attachment":"scroll","background-type":"","background-media":"","overlay-type":"","overlay-color":"","overlay-opacity":"","overlay-gradient":""},"mobile":{"background-color":"","background-image":"","background-repeat":"repeat","background-position":"center center","background-size":"auto","background-attachment":"scroll","background-type":"","background-media":"","overlay-type":"","overlay-color":"","overlay-opacity":"","overlay-gradient":""}},"ast-content-background-meta":{"desktop":{"background-color":"var(--ast-global-color-5)","background-image":"","background-repeat":"repeat","background-position":"center center","background-size":"auto","background-attachment":"scroll","background-type":"","background-media":"","overlay-type":"","overlay-color":"","overlay-opacity":"","overlay-gradient":""},"tablet":{"background-color":"var(--ast-global-color-5)","background-image":"","background-repeat":"repeat","background-position":"center center","background-size":"auto","background-attachment":"scroll","background-type":"","background-media":"","overlay-type":"","overlay-color":"","overlay-opacity":"","overlay-gradient":""},"mobile":{"background-color":"var(--ast-global-color-5)","background-image":"","background-repeat":"repeat","background-position":"center center","background-size":"auto","background-attachment":"scroll","background-type":"","background-media":"","overlay-type":"","overlay-color":"","overlay-opacity":"","overlay-gradient":""}}},"product_brand":[],"product_cat":[31],"product_tag":[],"class_list":{"0":"post-3813","1":"product","2":"type-product","3":"status-publish","4":"has-post-thumbnail","6":"product_cat-acuatic-parks","7":"desktop-align-left","8":"tablet-align-left","9":"mobile-align-left","11":"first","12":"instock","13":"shipping-taxable","14":"product-type-simple"},"_links":{"self":[{"href":"https:\/\/doitall.com.mx\/index.php\/wp-json\/wp\/v2\/product\/3813","targetHints":{"allow":["GET"]}}],"collection":[{"href":"https:\/\/doitall.com.mx\/index.php\/wp-json\/wp\/v2\/product"}],"about":[{"href":"https:\/\/doitall.com.mx\/index.php\/wp-json\/wp\/v2\/types\/product"}],"replies":[{"embeddable":true,"href":"https:\/\/doitall.com.mx\/index.php\/wp-json\/wp\/v2\/comments?post=3813"}],"wp:featuredmedia":[{"embeddable":true,"href":"https:\/\/doitall.com.mx\/index.php\/wp-json\/wp\/v2\/media\/3814"}],"wp:attachment":[{"href":"https:\/\/doitall.com.mx\/index.php\/wp-json\/wp\/v2\/media?parent=3813"}],"wp:term":[{"taxonomy":"product_brand","embeddable":true,"href":"https:\/\/doitall.com.mx\/index.php\/wp-json\/wp\/v2\/product_brand?post=3813"},{"taxonomy":"product_cat","embeddable":true,"href":"https:\/\/doitall.com.mx\/index.php\/wp-json\/wp\/v2\/product_cat?post=3813"},{"taxonomy":"product_tag","embeddable":true,"href":"https:\/\/doitall.com.mx\/index.php\/wp-json\/wp\/v2\/product_tag?post=3813"}],"curies":[{"name":"wp","href":"https:\/\/api.w.org\/{rel}","templated":true}]}}