{"id":3784,"date":"2024-05-28T18:00:01","date_gmt":"2024-05-28T18:00:01","guid":{"rendered":"https:\/\/doitall.com.mx\/?post_type=product&#038;p=3784"},"modified":"2024-05-28T18:00:13","modified_gmt":"2024-05-28T18:00:13","slug":"snorkel-musa","status":"publish","type":"product","link":"https:\/\/doitall.com.mx\/index.php\/product\/snorkel-musa\/","title":{"rendered":"Snorkel Musa"},"content":{"rendered":"<p>La actividad m\u00e1s popular en Canc\u00fan,<br \/>\nahora la puedes realizar en el <strong>MUSA<\/strong>,<br \/>\nmuseo sub-acu\u00e1tico.<\/p>\n<p>A bordo de uno de nuestros barcos, en pocos minutos, estar\u00e1s en medio de la bah\u00eda de Isla Mujeres, para saltar al azul turquesa de las<br \/>\naguas caribe\u00f1as y admirar<br \/>\n*LA EVOLUCI\u00d3N SILENCIOSA* de m\u00e1s de 200 figuras humanas de tama\u00f1o real.<br \/>\nObra y arte de Jason de Caires.<\/p>\n<p>*Horario de 8:am &#8211; 12:30 pm*<\/p>\n<p>*Contactanos para m\u00e1s informaci\u00f3n*<br \/>\n*O Reservar*<\/p>\n","protected":false},"excerpt":{"rendered":"<p>La actividad m\u00e1s popular en Canc\u00fan,<br \/>\nahora la puedes realizar en el <strong>MUSA<\/strong>,<br \/>\nmuseo sub-acu\u00e1tico.<\/p>\n<p>A bordo de uno de nuestros barcos, en pocos minutos, estar\u00e1s en medio de la bah\u00eda de Isla Mujeres, para saltar al azul turquesa de las<br \/>\naguas caribe\u00f1as y admirar<br \/>\n*LA EVOLUCI\u00d3N SILENCIOSA* de m\u00e1s de 200 figuras humanas de tama\u00f1o real.<br \/>\nObra y arte de Jason de Caires.<\/p>\n","protected":false},"featured_media":3785,"comment_status":"open","ping_status":"closed","template":"","meta":{"_eb_attr":"","site-sidebar-layout":"default","site-content-layout":"","ast-site-content-layout":"default","site-content-style":"default","site-sidebar-style":"default","ast-global-header-display":"","ast-banner-title-visibility":"","ast-main-header-display":"","ast-hfb-above-header-display":"","ast-hfb-below-header-display":"","ast-hfb-mobile-header-display":"","site-post-title":"","ast-breadcrumbs-content":"","ast-featured-img":"","footer-sml-layout":"","ast-disable-related-posts":"","theme-transparent-header-meta":"default","adv-header-id-meta":"","stick-header-meta":"","header-above-stick-meta":"","header-main-stick-meta":"","header-below-stick-meta":"","astra-migrate-meta-layouts":"set","ast-page-background-enabled":"default","ast-page-background-meta":{"desktop":{"background-color":"var(--ast-global-color-4)","background-image":"","background-repeat":"repeat","background-position":"center center","background-size":"auto","background-attachment":"scroll","background-type":"","background-media":"","overlay-type":"","overlay-color":"","overlay-opacity":"","overlay-gradient":""},"tablet":{"background-color":"","background-image":"","background-repeat":"repeat","background-position":"center center","background-size":"auto","background-attachment":"scroll","background-type":"","background-media":"","overlay-type":"","overlay-color":"","overlay-opacity":"","overlay-gradient":""},"mobile":{"background-color":"","background-image":"","background-repeat":"repeat","background-position":"center center","background-size":"auto","background-attachment":"scroll","background-type":"","background-media":"","overlay-type":"","overlay-color":"","overlay-opacity":"","overlay-gradient":""}},"ast-content-background-meta":{"desktop":{"background-color":"var(--ast-global-color-5)","background-image":"","background-repeat":"repeat","background-position":"center center","background-size":"auto","background-attachment":"scroll","background-type":"","background-media":"","overlay-type":"","overlay-color":"","overlay-opacity":"","overlay-gradient":""},"tablet":{"background-color":"var(--ast-global-color-5)","background-image":"","background-repeat":"repeat","background-position":"center center","background-size":"auto","background-attachment":"scroll","background-type":"","background-media":"","overlay-type":"","overlay-color":"","overlay-opacity":"","overlay-gradient":""},"mobile":{"background-color":"var(--ast-global-color-5)","background-image":"","background-repeat":"repeat","background-position":"center center","background-size":"auto","background-attachment":"scroll","background-type":"","background-media":"","overlay-type":"","overlay-color":"","overlay-opacity":"","overlay-gradient":""}}},"product_brand":[],"product_cat":[18],"product_tag":[],"class_list":{"0":"post-3784","1":"product","2":"type-product","3":"status-publish","4":"has-post-thumbnail","6":"product_cat-aqwuatics","7":"desktop-align-left","8":"tablet-align-left","9":"mobile-align-left","11":"first","12":"instock","13":"shipping-taxable","14":"product-type-simple"},"_links":{"self":[{"href":"https:\/\/doitall.com.mx\/index.php\/wp-json\/wp\/v2\/product\/3784","targetHints":{"allow":["GET"]}}],"collection":[{"href":"https:\/\/doitall.com.mx\/index.php\/wp-json\/wp\/v2\/product"}],"about":[{"href":"https:\/\/doitall.com.mx\/index.php\/wp-json\/wp\/v2\/types\/product"}],"replies":[{"embeddable":true,"href":"https:\/\/doitall.com.mx\/index.php\/wp-json\/wp\/v2\/comments?post=3784"}],"wp:featuredmedia":[{"embeddable":true,"href":"https:\/\/doitall.com.mx\/index.php\/wp-json\/wp\/v2\/media\/3785"}],"wp:attachment":[{"href":"https:\/\/doitall.com.mx\/index.php\/wp-json\/wp\/v2\/media?parent=3784"}],"wp:term":[{"taxonomy":"product_brand","embeddable":true,"href":"https:\/\/doitall.com.mx\/index.php\/wp-json\/wp\/v2\/product_brand?post=3784"},{"taxonomy":"product_cat","embeddable":true,"href":"https:\/\/doitall.com.mx\/index.php\/wp-json\/wp\/v2\/product_cat?post=3784"},{"taxonomy":"product_tag","embeddable":true,"href":"https:\/\/doitall.com.mx\/index.php\/wp-json\/wp\/v2\/product_tag?post=3784"}],"curies":[{"name":"wp","href":"https:\/\/api.w.org\/{rel}","templated":true}]}}