{"id":3759,"date":"2024-05-28T17:37:32","date_gmt":"2024-05-28T17:37:32","guid":{"rendered":"https:\/\/doitall.com.mx\/?post_type=product&#038;p=3759"},"modified":"2024-05-28T17:37:43","modified_gmt":"2024-05-28T17:37:43","slug":"xplor-fuego","status":"publish","type":"product","link":"https:\/\/doitall.com.mx\/index.php\/product\/xplor-fuego\/","title":{"rendered":"XPLOR FUEGO"},"content":{"rendered":"<p>Cuando el sol se oculta Xplor se transforma en Xplor Fuego, en donde te esperan aventuras nocturnas extremas. \u00a1Siente la adrenalina a trav\u00e9s de senderos y cuevas iluminadas con fuego especialmente para ti!<\/p>\n<p>Vive la intensidad de la noche desliz\u00e1ndote en incre\u00edbles tirolesas rodeado del cielo estrellado, maneja por la selva en veh\u00edculos anfibios, recorre cavernas misteriosas y sum\u00e9rgete en las refrescantes aguas de un r\u00edo subterr\u00e1neo.<\/p>\n<p>Adem\u00e1s, en Xplor Fuego podr\u00e1s disfrutar de un buffet energ\u00e9tico y todas las bebidas saludables que quieras, brind\u00e1ndote la aventura de noche m\u00e1s emocionante de Canc\u00fan y la Riviera Maya.<br \/>\nhttps:\/\/www.instagram.com\/doitall.tours.trav<\/p>\n","protected":false},"excerpt":{"rendered":"<p>Cuando el sol se oculta Xplor se transforma en Xplor Fuego, en donde te esperan aventuras nocturnas extremas. \u00a1Siente la adrenalina a trav\u00e9s de senderos y cuevas iluminadas con fuego especialmente para ti!<\/p>\n<p>Vive la intensidad de la noche desliz\u00e1ndote en incre\u00edbles tirolesas rodeado del cielo estrellado, maneja por la selva en veh\u00edculos anfibios, recorre cavernas misteriosas y sum\u00e9rgete en las refrescantes aguas de un r\u00edo subterr\u00e1neo.<\/p>\n","protected":false},"featured_media":3760,"comment_status":"open","ping_status":"closed","template":"","meta":{"_eb_attr":"","site-sidebar-layout":"default","site-content-layout":"","ast-site-content-layout":"default","site-content-style":"default","site-sidebar-style":"default","ast-global-header-display":"","ast-banner-title-visibility":"","ast-main-header-display":"","ast-hfb-above-header-display":"","ast-hfb-below-header-display":"","ast-hfb-mobile-header-display":"","site-post-title":"","ast-breadcrumbs-content":"","ast-featured-img":"","footer-sml-layout":"","ast-disable-related-posts":"","theme-transparent-header-meta":"default","adv-header-id-meta":"","stick-header-meta":"","header-above-stick-meta":"","header-main-stick-meta":"","header-below-stick-meta":"","astra-migrate-meta-layouts":"set","ast-page-background-enabled":"default","ast-page-background-meta":{"desktop":{"background-color":"var(--ast-global-color-4)","background-image":"","background-repeat":"repeat","background-position":"center center","background-size":"auto","background-attachment":"scroll","background-type":"","background-media":"","overlay-type":"","overlay-color":"","overlay-opacity":"","overlay-gradient":""},"tablet":{"background-color":"","background-image":"","background-repeat":"repeat","background-position":"center center","background-size":"auto","background-attachment":"scroll","background-type":"","background-media":"","overlay-type":"","overlay-color":"","overlay-opacity":"","overlay-gradient":""},"mobile":{"background-color":"","background-image":"","background-repeat":"repeat","background-position":"center center","background-size":"auto","background-attachment":"scroll","background-type":"","background-media":"","overlay-type":"","overlay-color":"","overlay-opacity":"","overlay-gradient":""}},"ast-content-background-meta":{"desktop":{"background-color":"var(--ast-global-color-5)","background-image":"","background-repeat":"repeat","background-position":"center center","background-size":"auto","background-attachment":"scroll","background-type":"","background-media":"","overlay-type":"","overlay-color":"","overlay-opacity":"","overlay-gradient":""},"tablet":{"background-color":"var(--ast-global-color-5)","background-image":"","background-repeat":"repeat","background-position":"center center","background-size":"auto","background-attachment":"scroll","background-type":"","background-media":"","overlay-type":"","overlay-color":"","overlay-opacity":"","overlay-gradient":""},"mobile":{"background-color":"var(--ast-global-color-5)","background-image":"","background-repeat":"repeat","background-position":"center center","background-size":"auto","background-attachment":"scroll","background-type":"","background-media":"","overlay-type":"","overlay-color":"","overlay-opacity":"","overlay-gradient":""}}},"product_brand":[],"product_cat":[31],"product_tag":[],"class_list":{"0":"post-3759","1":"product","2":"type-product","3":"status-publish","4":"has-post-thumbnail","6":"product_cat-acuatic-parks","7":"desktop-align-left","8":"tablet-align-left","9":"mobile-align-left","11":"first","12":"instock","13":"shipping-taxable","14":"product-type-simple"},"_links":{"self":[{"href":"https:\/\/doitall.com.mx\/index.php\/wp-json\/wp\/v2\/product\/3759","targetHints":{"allow":["GET"]}}],"collection":[{"href":"https:\/\/doitall.com.mx\/index.php\/wp-json\/wp\/v2\/product"}],"about":[{"href":"https:\/\/doitall.com.mx\/index.php\/wp-json\/wp\/v2\/types\/product"}],"replies":[{"embeddable":true,"href":"https:\/\/doitall.com.mx\/index.php\/wp-json\/wp\/v2\/comments?post=3759"}],"wp:featuredmedia":[{"embeddable":true,"href":"https:\/\/doitall.com.mx\/index.php\/wp-json\/wp\/v2\/media\/3760"}],"wp:attachment":[{"href":"https:\/\/doitall.com.mx\/index.php\/wp-json\/wp\/v2\/media?parent=3759"}],"wp:term":[{"taxonomy":"product_brand","embeddable":true,"href":"https:\/\/doitall.com.mx\/index.php\/wp-json\/wp\/v2\/product_brand?post=3759"},{"taxonomy":"product_cat","embeddable":true,"href":"https:\/\/doitall.com.mx\/index.php\/wp-json\/wp\/v2\/product_cat?post=3759"},{"taxonomy":"product_tag","embeddable":true,"href":"https:\/\/doitall.com.mx\/index.php\/wp-json\/wp\/v2\/product_tag?post=3759"}],"curies":[{"name":"wp","href":"https:\/\/api.w.org\/{rel}","templated":true}]}}