{"id":3656,"date":"2024-05-26T19:01:23","date_gmt":"2024-05-26T19:01:23","guid":{"rendered":"https:\/\/doitall.com.mx\/?post_type=product&#038;p=3656"},"modified":"2024-05-26T19:02:22","modified_gmt":"2024-05-26T19:02:22","slug":"cirque-du-soleil-joya","status":"publish","type":"product","link":"https:\/\/doitall.com.mx\/index.php\/product\/cirque-du-soleil-joya\/","title":{"rendered":"Cirque Du Soleil JOY\u00c1"},"content":{"rendered":"<p>JOY\u00c0 narra las aventuras de una adolescente rebelde que llega a una selva misteriosa en el mundo de fantas\u00eda de su abuelo.<br \/>\nEl viejo bi\u00f3logo quiere transmitir a su nieta su interminable b\u00fasqueda del sentido de la vida, mientras se encuentra rodeado de un grupo extra\u00f1o de maestros medio humanos, medio animales e influenciados por la antigua iconograf\u00eda maya.<\/p>\n<p>JOY\u00c0 se inspir\u00f3 en el asombroso viaje migratorio de la mariposa monarca, en el que la vida se transmite de una generaci\u00f3n a otra para garantizar la supervivencia de la especie.<\/p>\n<p>JOY\u00c0, \u00a1un espect\u00e1culo emocionante y fantasioso, donde la alegr\u00eda, el valor y la amistad lo conquistan todo!<br \/>\nNo se pierda la oportunidad de probar platos extraordinarios y vivir una noche m\u00e1gica exclusivamente en el teatro de Cirque du Soleil en Vidanta Riviera Maya.<\/p>\n<p>Una incre\u00edble experiencia que no te querr\u00e1s perder<\/p>\n<p>*1) VIP CENA, SHOW Y CHAMPAGNE*<br \/>\n-Show desde los mejores asientos del teatro<br \/>\n-Cena gourmet de 3 tiempos<br \/>\n-Champagne Mercier ilimitado durante la cena<br \/>\n-Acceso prioritario<br \/>\n-Atenci\u00f3n VIP<\/p>\n<p>*2) CENA, SHOW Y CHAMPAGNE*<br \/>\n-Show desde asientos cercanos al escenario<br \/>\n-Cena gourmet de 3 tiempos<br \/>\n-Media botella de Champagne Mercier por persona<\/p>\n<p>*3) ASIENTOS PREMIUM, BEBIDAS Y CANAP\u00c9S*<br \/>\n-Show desde asientos centrales<br \/>\n-Media botella de Champagne Mercier por persona<br \/>\n-Canap\u00e9s gourmet<br \/>\n*El champagne se puede cambiar por vino tinto, vino blanco, jugos o refrescos.<\/p>\n<p>*4) SOLO SHOW*<br \/>\n-Opciones en mesa y en silla alta<br \/>\n-Show desde asientos laterales o en la \u00faltima fila del teatro<\/p>\n<p>*Contactanos para m\u00e1s informaci\u00f3n o Reservar est\u00e1 experiencia*<\/p>\n","protected":false},"excerpt":{"rendered":"<p>JOY\u00c0, \u00a1un espect\u00e1culo emocionante y fantasioso, donde la alegr\u00eda, el valor y la amistad lo conquistan todo!<\/p>\n<p>JOY\u00c0 se inspir\u00f3 en el asombroso viaje migratorio de la mariposa monarca, en el que la vida se transmite de una generaci\u00f3n a otra para garantizar la supervivencia de la especie.<\/p>\n","protected":false},"featured_media":3657,"comment_status":"open","ping_status":"closed","template":"","meta":{"_eb_attr":"","site-sidebar-layout":"default","site-content-layout":"","ast-site-content-layout":"default","site-content-style":"default","site-sidebar-style":"default","ast-global-header-display":"","ast-banner-title-visibility":"","ast-main-header-display":"","ast-hfb-above-header-display":"","ast-hfb-below-header-display":"","ast-hfb-mobile-header-display":"","site-post-title":"","ast-breadcrumbs-content":"","ast-featured-img":"","footer-sml-layout":"","ast-disable-related-posts":"","theme-transparent-header-meta":"default","adv-header-id-meta":"","stick-header-meta":"","header-above-stick-meta":"","header-main-stick-meta":"","header-below-stick-meta":"","astra-migrate-meta-layouts":"set","ast-page-background-enabled":"default","ast-page-background-meta":{"desktop":{"background-color":"var(--ast-global-color-4)","background-image":"","background-repeat":"repeat","background-position":"center center","background-size":"auto","background-attachment":"scroll","background-type":"","background-media":"","overlay-type":"","overlay-color":"","overlay-opacity":"","overlay-gradient":""},"tablet":{"background-color":"","background-image":"","background-repeat":"repeat","background-position":"center center","background-size":"auto","background-attachment":"scroll","background-type":"","background-media":"","overlay-type":"","overlay-color":"","overlay-opacity":"","overlay-gradient":""},"mobile":{"background-color":"","background-image":"","background-repeat":"repeat","background-position":"center center","background-size":"auto","background-attachment":"scroll","background-type":"","background-media":"","overlay-type":"","overlay-color":"","overlay-opacity":"","overlay-gradient":""}},"ast-content-background-meta":{"desktop":{"background-color":"var(--ast-global-color-5)","background-image":"","background-repeat":"repeat","background-position":"center center","background-size":"auto","background-attachment":"scroll","background-type":"","background-media":"","overlay-type":"","overlay-color":"","overlay-opacity":"","overlay-gradient":""},"tablet":{"background-color":"var(--ast-global-color-5)","background-image":"","background-repeat":"repeat","background-position":"center center","background-size":"auto","background-attachment":"scroll","background-type":"","background-media":"","overlay-type":"","overlay-color":"","overlay-opacity":"","overlay-gradient":""},"mobile":{"background-color":"var(--ast-global-color-5)","background-image":"","background-repeat":"repeat","background-position":"center center","background-size":"auto","background-attachment":"scroll","background-type":"","background-media":"","overlay-type":"","overlay-color":"","overlay-opacity":"","overlay-gradient":""}}},"product_brand":[],"product_cat":[45,30,19],"product_tag":[],"class_list":{"0":"post-3656","1":"product","2":"type-product","3":"status-publish","4":"has-post-thumbnail","6":"product_cat-exclusive","7":"product_cat-family","8":"product_cat-night-life","9":"desktop-align-left","10":"tablet-align-left","11":"mobile-align-left","13":"first","14":"instock","15":"shipping-taxable","16":"product-type-simple"},"_links":{"self":[{"href":"https:\/\/doitall.com.mx\/index.php\/wp-json\/wp\/v2\/product\/3656","targetHints":{"allow":["GET"]}}],"collection":[{"href":"https:\/\/doitall.com.mx\/index.php\/wp-json\/wp\/v2\/product"}],"about":[{"href":"https:\/\/doitall.com.mx\/index.php\/wp-json\/wp\/v2\/types\/product"}],"replies":[{"embeddable":true,"href":"https:\/\/doitall.com.mx\/index.php\/wp-json\/wp\/v2\/comments?post=3656"}],"wp:featuredmedia":[{"embeddable":true,"href":"https:\/\/doitall.com.mx\/index.php\/wp-json\/wp\/v2\/media\/3657"}],"wp:attachment":[{"href":"https:\/\/doitall.com.mx\/index.php\/wp-json\/wp\/v2\/media?parent=3656"}],"wp:term":[{"taxonomy":"product_brand","embeddable":true,"href":"https:\/\/doitall.com.mx\/index.php\/wp-json\/wp\/v2\/product_brand?post=3656"},{"taxonomy":"product_cat","embeddable":true,"href":"https:\/\/doitall.com.mx\/index.php\/wp-json\/wp\/v2\/product_cat?post=3656"},{"taxonomy":"product_tag","embeddable":true,"href":"https:\/\/doitall.com.mx\/index.php\/wp-json\/wp\/v2\/product_tag?post=3656"}],"curies":[{"name":"wp","href":"https:\/\/api.w.org\/{rel}","templated":true}]}}