{"id":2672,"date":"2023-10-13T14:23:32","date_gmt":"2023-10-13T14:23:32","guid":{"rendered":"https:\/\/doitall.com.mx\/?post_type=product&#038;p=2672"},"modified":"2024-06-08T17:52:58","modified_gmt":"2024-06-08T17:52:58","slug":"vuelo-en-paracaidas-zona-hotelera","status":"publish","type":"product","link":"https:\/\/doitall.com.mx\/index.php\/product\/vuelo-en-paracaidas-zona-hotelera\/","title":{"rendered":"VUELO EN PARACAIDAS (ZONA HOTELERA)"},"content":{"rendered":"<p>En esta experiencia los participantes podr\u00e1n disfrutar de una panor\u00e1mica a 80 metros de altura sobre la Zona Hotelera sin precedentes, la mejor vista de la Bah\u00eda de Canc\u00fan, Isla Mujeres y laguna Nichupte, combinado con las diferentes tonalidades color turquesa del mar caribe. Es un viaje en paraca\u00eddas seguro, c\u00f3modo y divertido para toda la familia. Una aventura realmente diferente, con Canc\u00fan bajo sus pies. La aventura comienza abordando un taxi acu\u00e1tico hacia la embarcaci\u00f3n dise\u00f1ada espec\u00edficamente para la actividad de paraca\u00eddas.<\/p>\n<p>Con una longitud de 30 pies, dicha embarcaci\u00f3n est\u00e1 equipada con una plataforma de despegue y aterrizaje desde la cual, disfrutar\u00e1 de un vuelo acariciando las alturas del cielo caribe\u00f1o volando libre a 80 metros de altura sobre las hermosas aguas cristalinas del mar caribe, con una duraci\u00f3n aproximada de 10 minutos en el aire.<\/p>\n<blockquote><p><em><strong>Panor\u00e1mica de Zona Hotelera:<\/strong><\/em><br \/>\nEl despegue de zona hotelera es en el \u00e1rea de vuelo donde se encuentra localizado el muelle de Playa Tortugas y que es otro punto de operaci\u00f3n de Parasail Canc\u00fan. El participante podr\u00e1 disfrutar de una vista espectacular de la bah\u00eda, zona hotelera y laguna Nichupte.<\/p>\n<p>Para los vuelos de Parasail Canc\u00fan de zona hotelera en Playa Tortugas:<br \/>\nTenemos vuelos cada 30 minutos, de 9:30 am a 4:45 pm. Los vuelos de Parasail Canc\u00fan en Playa Tortugas de zona hotelera opera todos los d\u00edas, de 9 a 10 minutos de vuelo efectivo, m\u00e1s la transportaci\u00f3n mar\u00edtima a la embarcaci\u00f3n de despegue, el tiempo total de la actividad es de aproximadamente 30 minutos. El participante deber\u00e1 llegar por su cuenta y presentarse media hora antes en el check-in de Parasail Canc\u00fan, en el muelle de Playa Tortugas, zona hotelera.<\/p><\/blockquote>\n<p><strong><em>Bondades de la actividad:<\/em><\/strong><br \/>\nEs amigable con todo tipo de participantes: ni\u00f1os, adultos y tercera edad. No se requiere experiencia previa, ni vestimenta especial, solo el deseo de volar. No requiere ning\u00fan esfuerzo o saber nadar, el participante solo tiene que relajarse y disfrutar del vuelo, el staff de Parasail Canc\u00fan trabaja siempre sobre m\u00e1xima seguridad. El equipamiento de vuelo es de seguridad PREMIUM, \u00fanico en el mercado, cuidando todos los detalles, garant\u00eda de vuelo en todo momento, 100% seguro.<\/p>\n<p>El punto de partida est\u00e1 a solo 3 minutos de la embarcaci\u00f3n de despegue (sin mareos), vistas panor\u00e1micas de ensue\u00f1o, dif\u00edcil de olvidar. No hay restricciones en cuanto a c\u00e1maras, el participante puede tomar sus propias fotos en pleno vuelo.<\/p>\n<p>&nbsp;<\/p>\n<p><strong><em>Restricciones:<\/em><\/strong><br \/>\n&#8211; Solo podr\u00e1n realizar la actividad ni\u00f1os de 10 a\u00f1os en adelante y con m\u00ednimo 1.35 metros de altura, acompa\u00f1ados por un adulto quien deber\u00e1 firmar las responsivas como padre o tutor.<br \/>\n&#8211; L\u00edmite de peso m\u00e1ximo: 180 kg, \/ 397 lb sean: 1,2 o 3 participantes.<br \/>\n&#8211; Peso m\u00ednimo: 29 kg \/65 lb<br \/>\n&#8211; No se permiten mujeres embarazadas.<br \/>\n&#8211; No se permiten participantes en estado de ebriedad o inconveniente.<\/p>\n","protected":false},"excerpt":{"rendered":"<p>En esta experiencia los participantes podr\u00e1n disfrutar de una panor\u00e1mica a 80 metros de altura sobre la Zona Hotelera sin precedentes, la mejor vista de la Bah\u00eda de Canc\u00fan, Isla Mujeres y laguna Nichupte, combinado con las diferentes tonalidades color turquesa del mar caribe. Es un viaje en paraca\u00eddas seguro, c\u00f3modo y divertido para toda [&hellip;]<\/p>\n","protected":false},"featured_media":2670,"comment_status":"open","ping_status":"closed","template":"","meta":{"_eb_attr":"","site-sidebar-layout":"default","site-content-layout":"default","ast-site-content-layout":"default","site-content-style":"default","site-sidebar-style":"default","ast-global-header-display":"","ast-banner-title-visibility":"","ast-main-header-display":"","ast-hfb-above-header-display":"","ast-hfb-below-header-display":"","ast-hfb-mobile-header-display":"","site-post-title":"","ast-breadcrumbs-content":"","ast-featured-img":"","footer-sml-layout":"","ast-disable-related-posts":"","theme-transparent-header-meta":"default","adv-header-id-meta":"","stick-header-meta":"","header-above-stick-meta":"","header-main-stick-meta":"","header-below-stick-meta":"","astra-migrate-meta-layouts":"set","ast-page-background-enabled":"default","ast-page-background-meta":{"desktop":{"background-color":"var(--ast-global-color-4)","background-image":"","background-repeat":"repeat","background-position":"center center","background-size":"auto","background-attachment":"scroll","background-type":"","background-media":"","overlay-type":"","overlay-color":"","overlay-opacity":"","overlay-gradient":""},"tablet":{"background-color":"","background-image":"","background-repeat":"repeat","background-position":"center center","background-size":"auto","background-attachment":"scroll","background-type":"","background-media":"","overlay-type":"","overlay-color":"","overlay-opacity":"","overlay-gradient":""},"mobile":{"background-color":"","background-image":"","background-repeat":"repeat","background-position":"center center","background-size":"auto","background-attachment":"scroll","background-type":"","background-media":"","overlay-type":"","overlay-color":"","overlay-opacity":"","overlay-gradient":""}},"ast-content-background-meta":{"desktop":{"background-color":"var(--ast-global-color-5)","background-image":"","background-repeat":"repeat","background-position":"center center","background-size":"auto","background-attachment":"scroll","background-type":"","background-media":"","overlay-type":"","overlay-color":"","overlay-opacity":"","overlay-gradient":""},"tablet":{"background-color":"var(--ast-global-color-5)","background-image":"","background-repeat":"repeat","background-position":"center center","background-size":"auto","background-attachment":"scroll","background-type":"","background-media":"","overlay-type":"","overlay-color":"","overlay-opacity":"","overlay-gradient":""},"mobile":{"background-color":"var(--ast-global-color-5)","background-image":"","background-repeat":"repeat","background-position":"center center","background-size":"auto","background-attachment":"scroll","background-type":"","background-media":"","overlay-type":"","overlay-color":"","overlay-opacity":"","overlay-gradient":""}}},"product_brand":[],"product_cat":[25,18,17],"product_tag":[],"class_list":{"0":"post-2672","1":"product","2":"type-product","3":"status-publish","4":"has-post-thumbnail","6":"product_cat-adventure","7":"product_cat-aqwuatics","8":"product_cat-extreme","9":"desktop-align-left","10":"tablet-align-left","11":"mobile-align-left","13":"first","14":"instock","15":"featured","16":"shipping-taxable","17":"product-type-external"},"_links":{"self":[{"href":"https:\/\/doitall.com.mx\/index.php\/wp-json\/wp\/v2\/product\/2672","targetHints":{"allow":["GET"]}}],"collection":[{"href":"https:\/\/doitall.com.mx\/index.php\/wp-json\/wp\/v2\/product"}],"about":[{"href":"https:\/\/doitall.com.mx\/index.php\/wp-json\/wp\/v2\/types\/product"}],"replies":[{"embeddable":true,"href":"https:\/\/doitall.com.mx\/index.php\/wp-json\/wp\/v2\/comments?post=2672"}],"wp:featuredmedia":[{"embeddable":true,"href":"https:\/\/doitall.com.mx\/index.php\/wp-json\/wp\/v2\/media\/2670"}],"wp:attachment":[{"href":"https:\/\/doitall.com.mx\/index.php\/wp-json\/wp\/v2\/media?parent=2672"}],"wp:term":[{"taxonomy":"product_brand","embeddable":true,"href":"https:\/\/doitall.com.mx\/index.php\/wp-json\/wp\/v2\/product_brand?post=2672"},{"taxonomy":"product_cat","embeddable":true,"href":"https:\/\/doitall.com.mx\/index.php\/wp-json\/wp\/v2\/product_cat?post=2672"},{"taxonomy":"product_tag","embeddable":true,"href":"https:\/\/doitall.com.mx\/index.php\/wp-json\/wp\/v2\/product_tag?post=2672"}],"curies":[{"name":"wp","href":"https:\/\/api.w.org\/{rel}","templated":true}]}}